{"id":3518,"date":"2020-01-23T12:12:01","date_gmt":"2020-01-23T11:12:01","guid":{"rendered":"http:\/\/thg-normalien.farbsaum.de\/cutting-elements\/n204-schneidbuchse-din-9845-form-a-ohne-bund\/"},"modified":"2020-07-23T15:26:12","modified_gmt":"2020-07-23T13:26:12","slug":"n204-die-din-9845-form-a-without-collar","status":"publish","type":"page","link":"https:\/\/thg-normalien.de\/en\/cutting-elements\/n204-die-din-9845-form-a-without-collar\/","title":{"rendered":"N204 Die DIN 9845 Form A &#8211; without Collar"},"content":{"rendered":"<div id=\"cs-content\" class=\"cs-content\"><\/div>\n","protected":false},"excerpt":{"rendered":"<p>Category Guide Elements Cutting Elements Spring Elements Sliding Elements Accessories Cam Units Bending Units Electronic Tapping Unit Gas Springs AutomationDie DIN 9845 Form A &#8211; without Collar Product: N204 \u00d8 d1 ground H8 \u00d8 d2 ground n6 \u00d8 d4 +\/-0,1mm Hardness 64 HRC +\/- 1 DimensionsOrder example N204 2,0&#215;20 HSS = d1 \u00d8 2,0mm\u00a0 length L1 20mm, materialHSS Do you &#8230; <\/p>\n<div><a href=\"https:\/\/thg-normalien.de\/en\/cutting-elements\/n204-die-din-9845-form-a-without-collar\/\" class=\"more-link\">Read More<\/a><\/div>\n","protected":false},"author":1,"featured_media":5088,"parent":3793,"menu_order":18,"comment_status":"closed","ping_status":"closed","template":"template-blank-4.php","meta":{"inline_featured_image":false,"footnotes":""},"class_list":["post-3518","page","type-page","status-publish","has-post-thumbnail","hentry"],"_links":{"self":[{"href":"https:\/\/thg-normalien.de\/en\/wp-json\/wp\/v2\/pages\/3518","targetHints":{"allow":["GET"]}}],"collection":[{"href":"https:\/\/thg-normalien.de\/en\/wp-json\/wp\/v2\/pages"}],"about":[{"href":"https:\/\/thg-normalien.de\/en\/wp-json\/wp\/v2\/types\/page"}],"author":[{"embeddable":true,"href":"https:\/\/thg-normalien.de\/en\/wp-json\/wp\/v2\/users\/1"}],"replies":[{"embeddable":true,"href":"https:\/\/thg-normalien.de\/en\/wp-json\/wp\/v2\/comments?post=3518"}],"version-history":[{"count":4,"href":"https:\/\/thg-normalien.de\/en\/wp-json\/wp\/v2\/pages\/3518\/revisions"}],"predecessor-version":[{"id":3867,"href":"https:\/\/thg-normalien.de\/en\/wp-json\/wp\/v2\/pages\/3518\/revisions\/3867"}],"up":[{"embeddable":true,"href":"https:\/\/thg-normalien.de\/en\/wp-json\/wp\/v2\/pages\/3793"}],"wp:featuredmedia":[{"embeddable":true,"href":"https:\/\/thg-normalien.de\/en\/wp-json\/wp\/v2\/media\/5088"}],"wp:attachment":[{"href":"https:\/\/thg-normalien.de\/en\/wp-json\/wp\/v2\/media?parent=3518"}],"curies":[{"name":"wp","href":"https:\/\/api.w.org\/{rel}","templated":true}]}}