{"id":3431,"date":"2020-01-23T10:05:41","date_gmt":"2020-01-23T09:05:41","guid":{"rendered":"http:\/\/thg-normalien.farbsaum.de\/fuehrungselemente-stanzwerkzeugbau\/n194-fuehrungsbuchse-mit-flansch-mittel\/"},"modified":"2020-07-23T16:33:51","modified_gmt":"2020-07-23T14:33:51","slug":"n194-guide-bush-with-flange-and-bronze-insert-medium","status":"publish","type":"page","link":"https:\/\/thg-normalien.de\/en\/guide-elements\/n194-guide-bush-with-flange-and-bronze-insert-medium\/","title":{"rendered":"N194 Guide Bush with Flange and Bronze Insert (medium)"},"content":{"rendered":"<div id=\"cs-content\" class=\"cs-content\"><\/div>\n","protected":false},"excerpt":{"rendered":"<p>Category Guide Elements Cutting Elements Spring Elements Sliding Elements Accessories Cam Units Bending Units Electronic Tapping Unit Gas Springs AutomationGuide Bush with Flange and Bronze Insert (medium)Product: N194 ISO 9448 \u00a0DIN 9831 Material: 16MNCr5 hardened 62 +\/- 1 HRC \u00d8 D3 finely ground, \u00d8 D1 finely honed Retaining brackets &amp; screws included. DimensionsOrder example N1901.30 = \u00d8 D1 30mm\u00a0 length &#8230; <\/p>\n<div><a href=\"https:\/\/thg-normalien.de\/en\/guide-elements\/n194-guide-bush-with-flange-and-bronze-insert-medium\/\" class=\"more-link\">Read More<\/a><\/div>\n","protected":false},"author":1,"featured_media":5018,"parent":3818,"menu_order":0,"comment_status":"closed","ping_status":"closed","template":"template-blank-4.php","meta":{"inline_featured_image":false,"footnotes":""},"class_list":["post-3431","page","type-page","status-publish","has-post-thumbnail","hentry"],"_links":{"self":[{"href":"https:\/\/thg-normalien.de\/en\/wp-json\/wp\/v2\/pages\/3431","targetHints":{"allow":["GET"]}}],"collection":[{"href":"https:\/\/thg-normalien.de\/en\/wp-json\/wp\/v2\/pages"}],"about":[{"href":"https:\/\/thg-normalien.de\/en\/wp-json\/wp\/v2\/types\/page"}],"author":[{"embeddable":true,"href":"https:\/\/thg-normalien.de\/en\/wp-json\/wp\/v2\/users\/1"}],"replies":[{"embeddable":true,"href":"https:\/\/thg-normalien.de\/en\/wp-json\/wp\/v2\/comments?post=3431"}],"version-history":[{"count":5,"href":"https:\/\/thg-normalien.de\/en\/wp-json\/wp\/v2\/pages\/3431\/revisions"}],"predecessor-version":[{"id":5746,"href":"https:\/\/thg-normalien.de\/en\/wp-json\/wp\/v2\/pages\/3431\/revisions\/5746"}],"up":[{"embeddable":true,"href":"https:\/\/thg-normalien.de\/en\/wp-json\/wp\/v2\/pages\/3818"}],"wp:featuredmedia":[{"embeddable":true,"href":"https:\/\/thg-normalien.de\/en\/wp-json\/wp\/v2\/media\/5018"}],"wp:attachment":[{"href":"https:\/\/thg-normalien.de\/en\/wp-json\/wp\/v2\/media?parent=3431"}],"curies":[{"name":"wp","href":"https:\/\/api.w.org\/{rel}","templated":true}]}}