{"id":3430,"date":"2020-01-23T10:05:08","date_gmt":"2020-01-23T09:05:08","guid":{"rendered":"http:\/\/thg-normalien.farbsaum.de\/fuehrungselemente-stanzwerkzeugbau\/n193-fuehrungsbuchse-mit-flansch-kurz\/"},"modified":"2020-07-23T16:33:45","modified_gmt":"2020-07-23T14:33:45","slug":"n193-guide-bush-with-flange-and-bronze-insert-short","status":"publish","type":"page","link":"https:\/\/thg-normalien.de\/en\/guide-elements\/n193-guide-bush-with-flange-and-bronze-insert-short\/","title":{"rendered":"N193 Guide Bush with Flange and Bronze Insert (short)"},"content":{"rendered":"<div id=\"cs-content\" class=\"cs-content\"><\/div>\n","protected":false},"excerpt":{"rendered":"<p>Category Guide Elements Cutting Elements Spring Elements Sliding Elements Accessories Cam Units Bending Units Electronic Tapping Unit Gas Springs AutomationGuide Bush with Flange and Bronze Insert (short)Product: N193 ISO 9448 \u00a0DIN 9831 Material: 16MNCr5 hardened 62 +\/- 1 HRC \u00d8 D3 finely ground, \u00d8 D1 finely honed Retaining brackets &amp; screws included. DimensionsOrder example N1901.30 = \u00d8 D1 30mm\u00a0 length &#8230; <\/p>\n<div><a href=\"https:\/\/thg-normalien.de\/en\/guide-elements\/n193-guide-bush-with-flange-and-bronze-insert-short\/\" class=\"more-link\">Read More<\/a><\/div>\n","protected":false},"author":1,"featured_media":5014,"parent":3818,"menu_order":0,"comment_status":"closed","ping_status":"closed","template":"template-blank-4.php","meta":{"inline_featured_image":false,"footnotes":""},"class_list":["post-3430","page","type-page","status-publish","has-post-thumbnail","hentry"],"_links":{"self":[{"href":"https:\/\/thg-normalien.de\/en\/wp-json\/wp\/v2\/pages\/3430","targetHints":{"allow":["GET"]}}],"collection":[{"href":"https:\/\/thg-normalien.de\/en\/wp-json\/wp\/v2\/pages"}],"about":[{"href":"https:\/\/thg-normalien.de\/en\/wp-json\/wp\/v2\/types\/page"}],"author":[{"embeddable":true,"href":"https:\/\/thg-normalien.de\/en\/wp-json\/wp\/v2\/users\/1"}],"replies":[{"embeddable":true,"href":"https:\/\/thg-normalien.de\/en\/wp-json\/wp\/v2\/comments?post=3430"}],"version-history":[{"count":5,"href":"https:\/\/thg-normalien.de\/en\/wp-json\/wp\/v2\/pages\/3430\/revisions"}],"predecessor-version":[{"id":5745,"href":"https:\/\/thg-normalien.de\/en\/wp-json\/wp\/v2\/pages\/3430\/revisions\/5745"}],"up":[{"embeddable":true,"href":"https:\/\/thg-normalien.de\/en\/wp-json\/wp\/v2\/pages\/3818"}],"wp:featuredmedia":[{"embeddable":true,"href":"https:\/\/thg-normalien.de\/en\/wp-json\/wp\/v2\/media\/5014"}],"wp:attachment":[{"href":"https:\/\/thg-normalien.de\/en\/wp-json\/wp\/v2\/media?parent=3430"}],"curies":[{"name":"wp","href":"https:\/\/api.w.org\/{rel}","templated":true}]}}