{"id":3427,"date":"2020-01-23T10:03:15","date_gmt":"2020-01-23T09:03:15","guid":{"rendered":"http:\/\/thg-normalien.farbsaum.de\/fuehrungselemente-stanzwerkzeugbau\/n190-fuehrungsbuchse-mit-bund-kurz\/"},"modified":"2020-07-23T16:33:23","modified_gmt":"2020-07-23T14:33:23","slug":"n190-guide-bush-with-collar-and-bronze-insert-short","status":"publish","type":"page","link":"https:\/\/thg-normalien.de\/en\/guide-elements\/n190-guide-bush-with-collar-and-bronze-insert-short\/","title":{"rendered":"N190 Guide Bush with Collar and Bronze Insert (short)"},"content":{"rendered":"<div id=\"cs-content\" class=\"cs-content\"><\/div>\n","protected":false},"excerpt":{"rendered":"<p>Category Guide Elements Cutting Elements Spring Elements Sliding Elements Accessories Cam Units Bending Units Electronic Tapping Unit Gas Springs AutomationGuide Bush with Collar and Bronze Insert (short)Product: N190ISO 9448 \u00a0DIN 9831 Material: 16MNCr5 hardened 62 +\/- 1 HRC \u00d8 D3 finely ground, \u00d8 D1 finely honed Retaining brackets &amp; screws included. DimensionsOrder example N1901.30 = \u00d8 D1 30mm\u00a0 length L &#8230; <\/p>\n<div><a href=\"https:\/\/thg-normalien.de\/en\/guide-elements\/n190-guide-bush-with-collar-and-bronze-insert-short\/\" class=\"more-link\">Read More<\/a><\/div>\n","protected":false},"author":1,"featured_media":5008,"parent":3818,"menu_order":10,"comment_status":"closed","ping_status":"closed","template":"template-blank-4.php","meta":{"inline_featured_image":false,"footnotes":""},"class_list":["post-3427","page","type-page","status-publish","has-post-thumbnail","hentry"],"_links":{"self":[{"href":"https:\/\/thg-normalien.de\/en\/wp-json\/wp\/v2\/pages\/3427","targetHints":{"allow":["GET"]}}],"collection":[{"href":"https:\/\/thg-normalien.de\/en\/wp-json\/wp\/v2\/pages"}],"about":[{"href":"https:\/\/thg-normalien.de\/en\/wp-json\/wp\/v2\/types\/page"}],"author":[{"embeddable":true,"href":"https:\/\/thg-normalien.de\/en\/wp-json\/wp\/v2\/users\/1"}],"replies":[{"embeddable":true,"href":"https:\/\/thg-normalien.de\/en\/wp-json\/wp\/v2\/comments?post=3427"}],"version-history":[{"count":5,"href":"https:\/\/thg-normalien.de\/en\/wp-json\/wp\/v2\/pages\/3427\/revisions"}],"predecessor-version":[{"id":5742,"href":"https:\/\/thg-normalien.de\/en\/wp-json\/wp\/v2\/pages\/3427\/revisions\/5742"}],"up":[{"embeddable":true,"href":"https:\/\/thg-normalien.de\/en\/wp-json\/wp\/v2\/pages\/3818"}],"wp:featuredmedia":[{"embeddable":true,"href":"https:\/\/thg-normalien.de\/en\/wp-json\/wp\/v2\/media\/5008"}],"wp:attachment":[{"href":"https:\/\/thg-normalien.de\/en\/wp-json\/wp\/v2\/media?parent=3427"}],"curies":[{"name":"wp","href":"https:\/\/api.w.org\/{rel}","templated":true}]}}