{"id":3415,"date":"2020-01-23T10:00:42","date_gmt":"2020-01-23T09:00:42","guid":{"rendered":"http:\/\/thg-normalien.farbsaum.de\/fuehrungselemente-stanzwerkzeugbau\/n186-fuehrungsbuchse-mit-bund-kurz\/"},"modified":"2020-07-23T16:32:46","modified_gmt":"2020-07-23T14:32:46","slug":"n186-guide-bush-with-collar-short","status":"publish","type":"page","link":"https:\/\/thg-normalien.de\/en\/guide-elements\/n186-guide-bush-with-collar-short\/","title":{"rendered":"N186 Guide Bush with Collar (short)"},"content":{"rendered":"<div id=\"cs-content\" class=\"cs-content\"><\/div>\n","protected":false},"excerpt":{"rendered":"<p>Category Guide Elements Cutting Elements Spring Elements Sliding Elements Accessories Cam Units Bending Units Electronic Tapping Unit Gas Springs AutomationGuide Bush with Collar (short) Product: N186 ISO 9448 DIN 9831 without long-term lubrication! Material: 16MNCr5 hardened 62 +\/- 1 HRC \u00d8 D3 finely ground, \u00d8 D1 finely honed Retaining brackets &amp; screws included. Dimensions Order example N186.48 = \u00d8 D1 &#8230; <\/p>\n<div><a href=\"https:\/\/thg-normalien.de\/en\/guide-elements\/n186-guide-bush-with-collar-short\/\" class=\"more-link\">Read More<\/a><\/div>\n","protected":false},"author":1,"featured_media":0,"parent":3818,"menu_order":0,"comment_status":"closed","ping_status":"closed","template":"template-blank-4.php","meta":{"inline_featured_image":false,"footnotes":""},"class_list":["post-3415","page","type-page","status-publish","hentry","no-post-thumbnail"],"_links":{"self":[{"href":"https:\/\/thg-normalien.de\/en\/wp-json\/wp\/v2\/pages\/3415","targetHints":{"allow":["GET"]}}],"collection":[{"href":"https:\/\/thg-normalien.de\/en\/wp-json\/wp\/v2\/pages"}],"about":[{"href":"https:\/\/thg-normalien.de\/en\/wp-json\/wp\/v2\/types\/page"}],"author":[{"embeddable":true,"href":"https:\/\/thg-normalien.de\/en\/wp-json\/wp\/v2\/users\/1"}],"replies":[{"embeddable":true,"href":"https:\/\/thg-normalien.de\/en\/wp-json\/wp\/v2\/comments?post=3415"}],"version-history":[{"count":5,"href":"https:\/\/thg-normalien.de\/en\/wp-json\/wp\/v2\/pages\/3415\/revisions"}],"predecessor-version":[{"id":5739,"href":"https:\/\/thg-normalien.de\/en\/wp-json\/wp\/v2\/pages\/3415\/revisions\/5739"}],"up":[{"embeddable":true,"href":"https:\/\/thg-normalien.de\/en\/wp-json\/wp\/v2\/pages\/3818"}],"wp:attachment":[{"href":"https:\/\/thg-normalien.de\/en\/wp-json\/wp\/v2\/media?parent=3415"}],"curies":[{"name":"wp","href":"https:\/\/api.w.org\/{rel}","templated":true}]}}