{"id":3358,"date":"2020-01-23T09:55:45","date_gmt":"2020-01-23T08:55:45","guid":{"rendered":"http:\/\/thg-normalien.farbsaum.de\/fuehrungselemente-stanzwerkzeugbau\/n141-fuehrungsbuchse-eco-mittel\/"},"modified":"2020-07-23T16:30:21","modified_gmt":"2020-07-23T14:30:21","slug":"n141-guide-bush-with-collar-and-bronze-insert","status":"publish","type":"page","link":"https:\/\/thg-normalien.de\/en\/guide-elements\/n141-guide-bush-with-collar-and-bronze-insert\/","title":{"rendered":"N141 Guide Bush with Collar and Bronze Insert"},"content":{"rendered":"<div id=\"cs-content\" class=\"cs-content\"><\/div>\n","protected":false},"excerpt":{"rendered":"<p>Category Guide Elements Cutting Elements Spring Elements Sliding Elements Accessories Cam Units Bending Units Electronic Tapping Unit Gas Springs AutomationGuide Bush with Collar and Bronze InsertProduct: N141ISO 9448 DIN 9831 Material: Hardened tool steel 62 +\/-1 HRC with bronze insert \u00d8 D3 finely ground \u00d8 D1 finely honed Retaining brackets &amp; screws included DimensionsOrder example N141.30 = \u00d8 D1 30mm\u00a0 &#8230; <\/p>\n<div><a href=\"https:\/\/thg-normalien.de\/en\/guide-elements\/n141-guide-bush-with-collar-and-bronze-insert\/\" class=\"more-link\">Read More<\/a><\/div>\n","protected":false},"author":1,"featured_media":5336,"parent":3818,"menu_order":0,"comment_status":"closed","ping_status":"closed","template":"template-blank-4.php","meta":{"inline_featured_image":false,"footnotes":""},"class_list":["post-3358","page","type-page","status-publish","has-post-thumbnail","hentry"],"_links":{"self":[{"href":"https:\/\/thg-normalien.de\/en\/wp-json\/wp\/v2\/pages\/3358","targetHints":{"allow":["GET"]}}],"collection":[{"href":"https:\/\/thg-normalien.de\/en\/wp-json\/wp\/v2\/pages"}],"about":[{"href":"https:\/\/thg-normalien.de\/en\/wp-json\/wp\/v2\/types\/page"}],"author":[{"embeddable":true,"href":"https:\/\/thg-normalien.de\/en\/wp-json\/wp\/v2\/users\/1"}],"replies":[{"embeddable":true,"href":"https:\/\/thg-normalien.de\/en\/wp-json\/wp\/v2\/comments?post=3358"}],"version-history":[{"count":5,"href":"https:\/\/thg-normalien.de\/en\/wp-json\/wp\/v2\/pages\/3358\/revisions"}],"predecessor-version":[{"id":5725,"href":"https:\/\/thg-normalien.de\/en\/wp-json\/wp\/v2\/pages\/3358\/revisions\/5725"}],"up":[{"embeddable":true,"href":"https:\/\/thg-normalien.de\/en\/wp-json\/wp\/v2\/pages\/3818"}],"wp:featuredmedia":[{"embeddable":true,"href":"https:\/\/thg-normalien.de\/en\/wp-json\/wp\/v2\/media\/5336"}],"wp:attachment":[{"href":"https:\/\/thg-normalien.de\/en\/wp-json\/wp\/v2\/media?parent=3358"}],"curies":[{"name":"wp","href":"https:\/\/api.w.org\/{rel}","templated":true}]}}