{"id":3354,"date":"2020-01-23T09:54:36","date_gmt":"2020-01-23T08:54:36","guid":{"rendered":"http:\/\/thg-normalien.farbsaum.de\/fuehrungselemente-stanzwerkzeugbau\/n140-fuehrungsbuchse-eco-kurz\/"},"modified":"2020-07-23T16:29:21","modified_gmt":"2020-07-23T14:29:21","slug":"n140-guide-bush-with-collar-and-bronze-insert","status":"publish","type":"page","link":"https:\/\/thg-normalien.de\/en\/guide-elements\/n140-guide-bush-with-collar-and-bronze-insert\/","title":{"rendered":"N140 Guide Bush with Collar and Bronze Insert"},"content":{"rendered":"<div id=\"cs-content\" class=\"cs-content\"><\/div>\n","protected":false},"excerpt":{"rendered":"<p>Category Guide Elements Cutting Elements Spring Elements Sliding Elements Accessories Cam Units Bending Units Electronic Tapping Unit Gas Springs AutomationGuide Bush with Collar and Bronze Insert Product: N140 ISO 9448 DIN 9831 Material: Hardened tool steel 62 +\/-1 HRC with bronze insert \u00d8 D3 finely ground \u00d8 D1 finely honed Retaining brackets &amp; screws included DimensionsOrder example N140.30 = \u00d8 &#8230; <\/p>\n<div><a href=\"https:\/\/thg-normalien.de\/en\/guide-elements\/n140-guide-bush-with-collar-and-bronze-insert\/\" class=\"more-link\">Read More<\/a><\/div>\n","protected":false},"author":1,"featured_media":5596,"parent":3818,"menu_order":0,"comment_status":"closed","ping_status":"closed","template":"template-blank-4.php","meta":{"inline_featured_image":false,"footnotes":""},"class_list":["post-3354","page","type-page","status-publish","has-post-thumbnail","hentry"],"_links":{"self":[{"href":"https:\/\/thg-normalien.de\/en\/wp-json\/wp\/v2\/pages\/3354","targetHints":{"allow":["GET"]}}],"collection":[{"href":"https:\/\/thg-normalien.de\/en\/wp-json\/wp\/v2\/pages"}],"about":[{"href":"https:\/\/thg-normalien.de\/en\/wp-json\/wp\/v2\/types\/page"}],"author":[{"embeddable":true,"href":"https:\/\/thg-normalien.de\/en\/wp-json\/wp\/v2\/users\/1"}],"replies":[{"embeddable":true,"href":"https:\/\/thg-normalien.de\/en\/wp-json\/wp\/v2\/comments?post=3354"}],"version-history":[{"count":5,"href":"https:\/\/thg-normalien.de\/en\/wp-json\/wp\/v2\/pages\/3354\/revisions"}],"predecessor-version":[{"id":5724,"href":"https:\/\/thg-normalien.de\/en\/wp-json\/wp\/v2\/pages\/3354\/revisions\/5724"}],"up":[{"embeddable":true,"href":"https:\/\/thg-normalien.de\/en\/wp-json\/wp\/v2\/pages\/3818"}],"wp:featuredmedia":[{"embeddable":true,"href":"https:\/\/thg-normalien.de\/en\/wp-json\/wp\/v2\/media\/5596"}],"wp:attachment":[{"href":"https:\/\/thg-normalien.de\/en\/wp-json\/wp\/v2\/media?parent=3354"}],"curies":[{"name":"wp","href":"https:\/\/api.w.org\/{rel}","templated":true}]}}