{"id":8,"date":"2020-01-15T11:10:29","date_gmt":"2020-01-15T10:10:29","guid":{"rendered":"http:\/\/thg-normalien.farbsaum.de\/?page_id=8"},"modified":"2026-03-24T14:54:07","modified_gmt":"2026-03-24T13:54:07","slug":"startseite","status":"publish","type":"page","link":"https:\/\/thg-normalien.de\/de\/","title":{"rendered":"Startseite"},"content":{"rendered":"<div id=\"cs-content\" class=\"cs-content\"><\/div>\n","protected":false},"excerpt":{"rendered":"<p>Unsere erprobten Pr\u00e4zisionsprodukteWir m\u00f6chten Ihnen mehr bieten: Die individuell beste L\u00f6sung f\u00fcr Ihr Projekt!Hochpr\u00e4zise individuelle Stahlplattenherstellung &#038; ein umfassendes Produktportfolio an NormteilenStanznormalienMehr erfahrenGasdruckfedernMehr erfahrenS\u00e4ulengestelleCNC-BearbeitungMehr erfahrenTransfersystemeMehr erfahrenWeitere ProdukteAutomation Mehr erfahrenF\u00fchrungselemente Stanzwerkzeugbau Mehr erfahrenSchneidelemente Mehr erfahrenFederelemente Mehr erfahrenGleitelementeMehr erfahrenZubeh\u00f6rMehr erfahrenSeitenstanzeinheiten \/ Normschieber Mehr erfahrenRollbiegerMehr erfahrenWarum THG?Mit Erfahrung und Tradition zu Ihrem Erfolg! THG-Normalien fertigt mit absoluter Effizienz, Zuverl\u00e4ssigkeit, Pr\u00e4zision und Flexibilit\u00e4t individuelle &#8230; <\/p>\n<div><a href=\"https:\/\/thg-normalien.de\/de\/\" class=\"more-link\">Read More<\/a><\/div>\n","protected":false},"author":1,"featured_media":0,"parent":0,"menu_order":1,"comment_status":"closed","ping_status":"closed","template":"template-blank-4.php","meta":{"inline_featured_image":false,"footnotes":""},"class_list":["post-8","page","type-page","status-publish","hentry","no-post-thumbnail"],"_links":{"self":[{"href":"https:\/\/thg-normalien.de\/de\/wp-json\/wp\/v2\/pages\/8","targetHints":{"allow":["GET"]}}],"collection":[{"href":"https:\/\/thg-normalien.de\/de\/wp-json\/wp\/v2\/pages"}],"about":[{"href":"https:\/\/thg-normalien.de\/de\/wp-json\/wp\/v2\/types\/page"}],"author":[{"embeddable":true,"href":"https:\/\/thg-normalien.de\/de\/wp-json\/wp\/v2\/users\/1"}],"replies":[{"embeddable":true,"href":"https:\/\/thg-normalien.de\/de\/wp-json\/wp\/v2\/comments?post=8"}],"version-history":[{"count":103,"href":"https:\/\/thg-normalien.de\/de\/wp-json\/wp\/v2\/pages\/8\/revisions"}],"predecessor-version":[{"id":7885,"href":"https:\/\/thg-normalien.de\/de\/wp-json\/wp\/v2\/pages\/8\/revisions\/7885"}],"wp:attachment":[{"href":"https:\/\/thg-normalien.de\/de\/wp-json\/wp\/v2\/media?parent=8"}],"curies":[{"name":"wp","href":"https:\/\/api.w.org\/{rel}","templated":true}]}}