{"id":7796,"date":"2025-03-31T10:21:02","date_gmt":"2025-03-31T08:21:02","guid":{"rendered":"https:\/\/thg-normalien.de\/?page_id=7796"},"modified":"2025-06-23T12:48:01","modified_gmt":"2025-06-23T10:48:01","slug":"barrierefreiheit-feedback","status":"publish","type":"page","link":"https:\/\/thg-normalien.de\/de\/barrierefreiheit-feedback\/","title":{"rendered":"Barrierefreiheit Feedback"},"content":{"rendered":"<div id=\"cs-content\" class=\"cs-content\"><\/div>\n","protected":false},"excerpt":{"rendered":"<p>Barrierefreiheit Feedback Sie sind bei unserer Webseite auf eine Barriere gesto\u00dfen? Geben Sie uns hier bescheid, damit wir uns darum k\u00fcmmern k\u00f6nnen, diese Barriere zu beheben. Vorname Nachname E-Mail-Adresse Deine Nachricht (optional) Barrierefreiheitserkl\u00e4rung Barrierefreiheitserkl\u00e4rung f\u00fcr https:\/\/thg-normalien.de Die THG Normalien GmbH verpflichtet sich, die digitale Zug\u00e4nglichkeit f\u00fcr Menschen mit Behinderungen zu gew\u00e4hrleisten. Wir arbeiten kontinuierlich an der Verbesserung der Benutzerfreundlichkeit f\u00fcr &#8230; <\/p>\n<div><a href=\"https:\/\/thg-normalien.de\/de\/barrierefreiheit-feedback\/\" class=\"more-link\">Read More<\/a><\/div>\n","protected":false},"author":17,"featured_media":0,"parent":0,"menu_order":0,"comment_status":"closed","ping_status":"closed","template":"template-blank-4.php","meta":{"inline_featured_image":false,"footnotes":""},"class_list":["post-7796","page","type-page","status-publish","hentry","no-post-thumbnail"],"_links":{"self":[{"href":"https:\/\/thg-normalien.de\/de\/wp-json\/wp\/v2\/pages\/7796","targetHints":{"allow":["GET"]}}],"collection":[{"href":"https:\/\/thg-normalien.de\/de\/wp-json\/wp\/v2\/pages"}],"about":[{"href":"https:\/\/thg-normalien.de\/de\/wp-json\/wp\/v2\/types\/page"}],"author":[{"embeddable":true,"href":"https:\/\/thg-normalien.de\/de\/wp-json\/wp\/v2\/users\/17"}],"replies":[{"embeddable":true,"href":"https:\/\/thg-normalien.de\/de\/wp-json\/wp\/v2\/comments?post=7796"}],"version-history":[{"count":7,"href":"https:\/\/thg-normalien.de\/de\/wp-json\/wp\/v2\/pages\/7796\/revisions"}],"predecessor-version":[{"id":7832,"href":"https:\/\/thg-normalien.de\/de\/wp-json\/wp\/v2\/pages\/7796\/revisions\/7832"}],"wp:attachment":[{"href":"https:\/\/thg-normalien.de\/de\/wp-json\/wp\/v2\/media?parent=7796"}],"curies":[{"name":"wp","href":"https:\/\/api.w.org\/{rel}","templated":true}]}}