{"id":7742,"date":"2025-01-20T09:50:19","date_gmt":"2025-01-20T08:50:19","guid":{"rendered":"https:\/\/thg-normalien.de\/?page_id=7742"},"modified":"2025-01-20T09:52:19","modified_gmt":"2025-01-20T08:52:19","slug":"n183-fuehrungsbuchse-mit-flansch-iso-9448-4","status":"publish","type":"page","link":"https:\/\/thg-normalien.de\/de\/fuehrungselemente-stanzwerkzeugbau\/n183-fuehrungsbuchse-mit-flansch-iso-9448-4\/","title":{"rendered":"N183 F\u00fchrungsbuchse mit Flansch ISO 9448-4"},"content":{"rendered":"<div id=\"cs-content\" class=\"cs-content\"><\/div>\n","protected":false},"excerpt":{"rendered":"<p>Kategorie F\u00fchrungselemente Stanzwerkzeugbau DIN 9825 WDX DIN 9834 AFNOR ISO 9185-4 DIN 9831 DIN 5401 und Rollenk\u00e4fige Befestigung Schneidelemente ISO 8020 DIN 9861 DIN 1530 ISO 8977 DIN 9845 DIN 5118 Ohne Norm Federelemente ISO 10243:2019 Elastomer Gleitelemente VDI Gleitplatten und Standard Gleitplatten Stollen und Laschenf\u00fchrung Prismenf\u00fchrung Sinter Gleitelemente Sonder Zubeh\u00f6r VDI 3366 Automobil Normteile DIN ISO 10242-1 Werknorm DIN &#8230; <\/p>\n<div><a href=\"https:\/\/thg-normalien.de\/de\/fuehrungselemente-stanzwerkzeugbau\/n183-fuehrungsbuchse-mit-flansch-iso-9448-4\/\" class=\"more-link\">Read More<\/a><\/div>\n","protected":false},"author":5,"featured_media":7753,"parent":91,"menu_order":0,"comment_status":"closed","ping_status":"closed","template":"template-blank-4.php","meta":{"inline_featured_image":false,"footnotes":""},"class_list":["post-7742","page","type-page","status-publish","has-post-thumbnail","hentry"],"_links":{"self":[{"href":"https:\/\/thg-normalien.de\/de\/wp-json\/wp\/v2\/pages\/7742","targetHints":{"allow":["GET"]}}],"collection":[{"href":"https:\/\/thg-normalien.de\/de\/wp-json\/wp\/v2\/pages"}],"about":[{"href":"https:\/\/thg-normalien.de\/de\/wp-json\/wp\/v2\/types\/page"}],"author":[{"embeddable":true,"href":"https:\/\/thg-normalien.de\/de\/wp-json\/wp\/v2\/users\/5"}],"replies":[{"embeddable":true,"href":"https:\/\/thg-normalien.de\/de\/wp-json\/wp\/v2\/comments?post=7742"}],"version-history":[{"count":5,"href":"https:\/\/thg-normalien.de\/de\/wp-json\/wp\/v2\/pages\/7742\/revisions"}],"predecessor-version":[{"id":7755,"href":"https:\/\/thg-normalien.de\/de\/wp-json\/wp\/v2\/pages\/7742\/revisions\/7755"}],"up":[{"embeddable":true,"href":"https:\/\/thg-normalien.de\/de\/wp-json\/wp\/v2\/pages\/91"}],"wp:featuredmedia":[{"embeddable":true,"href":"https:\/\/thg-normalien.de\/de\/wp-json\/wp\/v2\/media\/7753"}],"wp:attachment":[{"href":"https:\/\/thg-normalien.de\/de\/wp-json\/wp\/v2\/media?parent=7742"}],"curies":[{"name":"wp","href":"https:\/\/api.w.org\/{rel}","templated":true}]}}