{"id":758,"date":"2020-01-27T13:53:09","date_gmt":"2020-01-27T12:53:09","guid":{"rendered":"http:\/\/thg-normalien.farbsaum.de\/?page_id=758"},"modified":"2022-11-21T18:08:05","modified_gmt":"2022-11-21T17:08:05","slug":"n931-kugelumlaufbuchse-fuers-auswerferpaket","status":"publish","type":"page","link":"https:\/\/thg-normalien.de\/de\/formnormalien\/n931-kugelumlaufbuchse-fuers-auswerferpaket\/","title":{"rendered":"Kugelumlaufbuchse f\u00fcrs Auswerferpaket"},"content":{"rendered":"<div id=\"cs-content\" class=\"cs-content\"><\/div>\n","protected":false},"excerpt":{"rendered":"<p>Kategorie F\u00fchrungselemente Stanzwerkzeugbau DIN 9825 WDX DIN 9834 AFNOR ISO 9185-4 DIN 9831 DIN 5401 und Rollenk\u00e4fige Befestigung Schneidelemente ISO 8020 DIN 9861 DIN 1530 ISO 8977 DIN 9845 DIN 5118 Ohne Norm Federelemente ISO 10243:2019 Elastomer Gleitelemente VDI Gleitplatten und Standard Gleitplatten Stollen und Laschenf\u00fchrung Prismenf\u00fchrung Sinter Gleitelemente Sonder Zubeh\u00f6r VDI 3366 Automobil Normteile DIN ISO 10242-1 Werknorm DIN &#8230; <\/p>\n<div><a href=\"https:\/\/thg-normalien.de\/de\/formnormalien\/n931-kugelumlaufbuchse-fuers-auswerferpaket\/\" class=\"more-link\">Read More<\/a><\/div>\n","protected":false},"author":1,"featured_media":7023,"parent":268,"menu_order":20,"comment_status":"closed","ping_status":"closed","template":"template-blank-4.php","meta":{"inline_featured_image":false,"footnotes":""},"class_list":["post-758","page","type-page","status-publish","has-post-thumbnail","hentry"],"_links":{"self":[{"href":"https:\/\/thg-normalien.de\/de\/wp-json\/wp\/v2\/pages\/758","targetHints":{"allow":["GET"]}}],"collection":[{"href":"https:\/\/thg-normalien.de\/de\/wp-json\/wp\/v2\/pages"}],"about":[{"href":"https:\/\/thg-normalien.de\/de\/wp-json\/wp\/v2\/types\/page"}],"author":[{"embeddable":true,"href":"https:\/\/thg-normalien.de\/de\/wp-json\/wp\/v2\/users\/1"}],"replies":[{"embeddable":true,"href":"https:\/\/thg-normalien.de\/de\/wp-json\/wp\/v2\/comments?post=758"}],"version-history":[{"count":4,"href":"https:\/\/thg-normalien.de\/de\/wp-json\/wp\/v2\/pages\/758\/revisions"}],"predecessor-version":[{"id":7419,"href":"https:\/\/thg-normalien.de\/de\/wp-json\/wp\/v2\/pages\/758\/revisions\/7419"}],"up":[{"embeddable":true,"href":"https:\/\/thg-normalien.de\/de\/wp-json\/wp\/v2\/pages\/268"}],"wp:featuredmedia":[{"embeddable":true,"href":"https:\/\/thg-normalien.de\/de\/wp-json\/wp\/v2\/media\/7023"}],"wp:attachment":[{"href":"https:\/\/thg-normalien.de\/de\/wp-json\/wp\/v2\/media?parent=758"}],"curies":[{"name":"wp","href":"https:\/\/api.w.org\/{rel}","templated":true}]}}