{"id":752,"date":"2020-01-27T13:48:46","date_gmt":"2020-01-27T12:48:46","guid":{"rendered":"http:\/\/thg-normalien.farbsaum.de\/?page_id=752"},"modified":"2022-11-21T17:53:58","modified_gmt":"2022-11-21T16:53:58","slug":"n925-fuehrungsbuchse-ohne-zentrieransatz-oe60mm","status":"publish","type":"page","link":"https:\/\/thg-normalien.de\/de\/formnormalien\/n925-fuehrungsbuchse-ohne-zentrieransatz-oe60mm\/","title":{"rendered":"F\u00fchrungsbuchse ohne Zentrieransatz \u00d860mm"},"content":{"rendered":"<div id=\"cs-content\" class=\"cs-content\"><\/div>\n","protected":false},"excerpt":{"rendered":"<p>Kategorie F\u00fchrungselemente Stanzwerkzeugbau DIN 9825 WDX DIN 9834 AFNOR ISO 9185-4 DIN 9831 DIN 5401 und Rollenk\u00e4fige Befestigung Schneidelemente ISO 8020 DIN 9861 DIN 1530 ISO 8977 DIN 9845 DIN 5118 Ohne Norm Federelemente ISO 10243:2019 Elastomer Gleitelemente VDI Gleitplatten und Standard Gleitplatten Stollen und Laschenf\u00fchrung Prismenf\u00fchrung Sinter Gleitelemente Sonder Zubeh\u00f6r VDI 3366 Automobil Normteile DIN ISO 10242-1 Werknorm DIN &#8230; <\/p>\n<div><a href=\"https:\/\/thg-normalien.de\/de\/formnormalien\/n925-fuehrungsbuchse-ohne-zentrieransatz-oe60mm\/\" class=\"more-link\">Read More<\/a><\/div>\n","protected":false},"author":1,"featured_media":7011,"parent":268,"menu_order":14,"comment_status":"closed","ping_status":"closed","template":"template-blank-4.php","meta":{"inline_featured_image":false,"footnotes":""},"class_list":["post-752","page","type-page","status-publish","has-post-thumbnail","hentry"],"_links":{"self":[{"href":"https:\/\/thg-normalien.de\/de\/wp-json\/wp\/v2\/pages\/752","targetHints":{"allow":["GET"]}}],"collection":[{"href":"https:\/\/thg-normalien.de\/de\/wp-json\/wp\/v2\/pages"}],"about":[{"href":"https:\/\/thg-normalien.de\/de\/wp-json\/wp\/v2\/types\/page"}],"author":[{"embeddable":true,"href":"https:\/\/thg-normalien.de\/de\/wp-json\/wp\/v2\/users\/1"}],"replies":[{"embeddable":true,"href":"https:\/\/thg-normalien.de\/de\/wp-json\/wp\/v2\/comments?post=752"}],"version-history":[{"count":4,"href":"https:\/\/thg-normalien.de\/de\/wp-json\/wp\/v2\/pages\/752\/revisions"}],"predecessor-version":[{"id":7412,"href":"https:\/\/thg-normalien.de\/de\/wp-json\/wp\/v2\/pages\/752\/revisions\/7412"}],"up":[{"embeddable":true,"href":"https:\/\/thg-normalien.de\/de\/wp-json\/wp\/v2\/pages\/268"}],"wp:featuredmedia":[{"embeddable":true,"href":"https:\/\/thg-normalien.de\/de\/wp-json\/wp\/v2\/media\/7011"}],"wp:attachment":[{"href":"https:\/\/thg-normalien.de\/de\/wp-json\/wp\/v2\/media?parent=752"}],"curies":[{"name":"wp","href":"https:\/\/api.w.org\/{rel}","templated":true}]}}