{"id":662,"date":"2020-01-27T12:13:34","date_gmt":"2020-01-27T11:13:34","guid":{"rendered":"http:\/\/thg-normalien.farbsaum.de\/?page_id=662"},"modified":"2023-03-01T15:21:57","modified_gmt":"2023-03-01T14:21:57","slug":"linear-systeme","status":"publish","type":"page","link":"https:\/\/thg-normalien.de\/de\/automation-2\/linear-systeme\/","title":{"rendered":"Linear-Systeme"},"content":{"rendered":"<div id=\"cs-content\" class=\"cs-content\"><\/div>\n","protected":false},"excerpt":{"rendered":"<p>Kategorie F\u00fchrungselemente Stanzwerkzeugbau DIN 9825 WDX DIN 9834 AFNOR ISO 9185-4 DIN 9831 DIN 5401 und Rollenk\u00e4fige Befestigung Schneidelemente ISO 8020 DIN 9861 DIN 1530 ISO 8977 DIN 9845 DIN 5118 Ohne Norm Federelemente ISO 10243:2019 Elastomer Gleitelemente VDI Gleitplatten und Standard Gleitplatten Stollen und Laschenf\u00fchrung Prismenf\u00fchrung Sinter Gleitelemente Sonder Zubeh\u00f6r VDI 3366 Automobil Normteile DIN ISO 10242-1 Werknorm DIN &#8230; <\/p>\n<div><a href=\"https:\/\/thg-normalien.de\/de\/automation-2\/linear-systeme\/\" class=\"more-link\">Read More<\/a><\/div>\n","protected":false},"author":1,"featured_media":3827,"parent":264,"menu_order":3,"comment_status":"closed","ping_status":"closed","template":"template-blank-6.php","meta":{"inline_featured_image":false,"footnotes":""},"class_list":["post-662","page","type-page","status-publish","has-post-thumbnail","hentry"],"_links":{"self":[{"href":"https:\/\/thg-normalien.de\/de\/wp-json\/wp\/v2\/pages\/662","targetHints":{"allow":["GET"]}}],"collection":[{"href":"https:\/\/thg-normalien.de\/de\/wp-json\/wp\/v2\/pages"}],"about":[{"href":"https:\/\/thg-normalien.de\/de\/wp-json\/wp\/v2\/types\/page"}],"author":[{"embeddable":true,"href":"https:\/\/thg-normalien.de\/de\/wp-json\/wp\/v2\/users\/1"}],"replies":[{"embeddable":true,"href":"https:\/\/thg-normalien.de\/de\/wp-json\/wp\/v2\/comments?post=662"}],"version-history":[{"count":3,"href":"https:\/\/thg-normalien.de\/de\/wp-json\/wp\/v2\/pages\/662\/revisions"}],"predecessor-version":[{"id":7604,"href":"https:\/\/thg-normalien.de\/de\/wp-json\/wp\/v2\/pages\/662\/revisions\/7604"}],"up":[{"embeddable":true,"href":"https:\/\/thg-normalien.de\/de\/wp-json\/wp\/v2\/pages\/264"}],"wp:featuredmedia":[{"embeddable":true,"href":"https:\/\/thg-normalien.de\/de\/wp-json\/wp\/v2\/media\/3827"}],"wp:attachment":[{"href":"https:\/\/thg-normalien.de\/de\/wp-json\/wp\/v2\/media?parent=662"}],"curies":[{"name":"wp","href":"https:\/\/api.w.org\/{rel}","templated":true}]}}