{"id":616,"date":"2020-01-27T11:38:16","date_gmt":"2020-01-27T10:38:16","guid":{"rendered":"http:\/\/thg-normalien.farbsaum.de\/?page_id=616"},"modified":"2023-03-01T14:36:10","modified_gmt":"2023-03-01T13:36:10","slug":"n800-gewindeformer-m2-m5","status":"publish","type":"page","link":"https:\/\/thg-normalien.de\/de\/elektronische-gewindeformeinheiten\/n800-gewindeformer-m2-m5\/","title":{"rendered":"Gewindeformer M2 &#8211; M5"},"content":{"rendered":"<div id=\"cs-content\" class=\"cs-content\"><\/div>\n","protected":false},"excerpt":{"rendered":"<p>Kategorie F\u00fchrungselemente Stanzwerkzeugbau DIN 9825 WDX DIN 9834 AFNOR ISO 9185-4 DIN 9831 DIN 5401 und Rollenk\u00e4fige Befestigung Schneidelemente ISO 8020 DIN 9861 DIN 1530 ISO 8977 DIN 9845 DIN 5118 Ohne Norm Federelemente ISO 10243:2019 Elastomer Gleitelemente VDI Gleitplatten und Standard Gleitplatten Stollen und Laschenf\u00fchrung Prismenf\u00fchrung Sinter Gleitelemente Sonder Zubeh\u00f6r VDI 3366 Automobil Normteile DIN ISO 10242-1 Werknorm DIN &#8230; <\/p>\n<div><a href=\"https:\/\/thg-normalien.de\/de\/elektronische-gewindeformeinheiten\/n800-gewindeformer-m2-m5\/\" class=\"more-link\">Read More<\/a><\/div>\n","protected":false},"author":1,"featured_media":2477,"parent":258,"menu_order":1,"comment_status":"closed","ping_status":"closed","template":"template-blank-4.php","meta":{"inline_featured_image":false,"footnotes":""},"class_list":["post-616","page","type-page","status-publish","has-post-thumbnail","hentry"],"_links":{"self":[{"href":"https:\/\/thg-normalien.de\/de\/wp-json\/wp\/v2\/pages\/616","targetHints":{"allow":["GET"]}}],"collection":[{"href":"https:\/\/thg-normalien.de\/de\/wp-json\/wp\/v2\/pages"}],"about":[{"href":"https:\/\/thg-normalien.de\/de\/wp-json\/wp\/v2\/types\/page"}],"author":[{"embeddable":true,"href":"https:\/\/thg-normalien.de\/de\/wp-json\/wp\/v2\/users\/1"}],"replies":[{"embeddable":true,"href":"https:\/\/thg-normalien.de\/de\/wp-json\/wp\/v2\/comments?post=616"}],"version-history":[{"count":6,"href":"https:\/\/thg-normalien.de\/de\/wp-json\/wp\/v2\/pages\/616\/revisions"}],"predecessor-version":[{"id":7593,"href":"https:\/\/thg-normalien.de\/de\/wp-json\/wp\/v2\/pages\/616\/revisions\/7593"}],"up":[{"embeddable":true,"href":"https:\/\/thg-normalien.de\/de\/wp-json\/wp\/v2\/pages\/258"}],"wp:featuredmedia":[{"embeddable":true,"href":"https:\/\/thg-normalien.de\/de\/wp-json\/wp\/v2\/media\/2477"}],"wp:attachment":[{"href":"https:\/\/thg-normalien.de\/de\/wp-json\/wp\/v2\/media?parent=616"}],"curies":[{"name":"wp","href":"https:\/\/api.w.org\/{rel}","templated":true}]}}