{"id":6107,"date":"2022-03-01T11:59:49","date_gmt":"2022-03-01T10:59:49","guid":{"rendered":"https:\/\/thg-normalien.de\/?page_id=6107"},"modified":"2022-03-03T14:35:52","modified_gmt":"2022-03-03T13:35:52","slug":"schneideelemente-stempelhalteplatten","status":"publish","type":"page","link":"https:\/\/thg-normalien.de\/de\/schneidelemente\/schneideelemente-stempelhalteplatten\/","title":{"rendered":"Schneidelemente Stempelhalteplatten"},"content":{"rendered":"\n<p><\/p>\n\n\n\n<figure class=\"wp-block-table\"><table><tbody><tr><td>VDI Gleitplatten und Standard Gleitplatten<\/td><\/tr><\/tbody><\/table><\/figure>\n\n\n<div id=\"cs-content\" class=\"cs-content\"><\/div>","protected":false},"excerpt":{"rendered":"<p>VDI Gleitplatten und Standard Gleitplatten Kategorie F\u00fchrungselemente Stanzwerkzeugbau DIN 9825 WDX DIN 9834 AFNOR ISO 9185-4 DIN 9831 DIN 5401 und Rollenk\u00e4fige Befestigung Schneidelemente ISO 8020 DIN 9861 DIN 1530 ISO 8977 DIN 9845 DIN 5118 Ohne Norm Federelemente ISO 10243:2019 Elastomer Gleitelemente VDI Gleitplatten und Standard Gleitplatten Stollen und Laschenf\u00fchrung Prismenf\u00fchrung Sinter Gleitelemente Sonder Zubeh\u00f6r VDI 3366 Automobil Normteile &#8230; <\/p>\n<div><a href=\"https:\/\/thg-normalien.de\/de\/schneidelemente\/schneideelemente-stempelhalteplatten\/\" class=\"more-link\">Read More<\/a><\/div>\n","protected":false},"author":1,"featured_media":0,"parent":250,"menu_order":3,"comment_status":"closed","ping_status":"closed","template":"template-blank-4.php","meta":{"inline_featured_image":false,"footnotes":""},"class_list":["post-6107","page","type-page","status-publish","hentry","no-post-thumbnail"],"_links":{"self":[{"href":"https:\/\/thg-normalien.de\/de\/wp-json\/wp\/v2\/pages\/6107","targetHints":{"allow":["GET"]}}],"collection":[{"href":"https:\/\/thg-normalien.de\/de\/wp-json\/wp\/v2\/pages"}],"about":[{"href":"https:\/\/thg-normalien.de\/de\/wp-json\/wp\/v2\/types\/page"}],"author":[{"embeddable":true,"href":"https:\/\/thg-normalien.de\/de\/wp-json\/wp\/v2\/users\/1"}],"replies":[{"embeddable":true,"href":"https:\/\/thg-normalien.de\/de\/wp-json\/wp\/v2\/comments?post=6107"}],"version-history":[{"count":6,"href":"https:\/\/thg-normalien.de\/de\/wp-json\/wp\/v2\/pages\/6107\/revisions"}],"predecessor-version":[{"id":6140,"href":"https:\/\/thg-normalien.de\/de\/wp-json\/wp\/v2\/pages\/6107\/revisions\/6140"}],"up":[{"embeddable":true,"href":"https:\/\/thg-normalien.de\/de\/wp-json\/wp\/v2\/pages\/250"}],"wp:attachment":[{"href":"https:\/\/thg-normalien.de\/de\/wp-json\/wp\/v2\/media?parent=6107"}],"curies":[{"name":"wp","href":"https:\/\/api.w.org\/{rel}","templated":true}]}}