{"id":6000,"date":"2021-11-25T17:02:55","date_gmt":"2021-11-25T16:02:55","guid":{"rendered":"https:\/\/thg-normalien.de\/?page_id=6000"},"modified":"2024-12-23T10:16:29","modified_gmt":"2024-12-23T09:16:29","slug":"n113-e-wechselfuehrungssaeule-mit-bund-h3","status":"publish","type":"page","link":"https:\/\/thg-normalien.de\/de\/fuehrungselemente-stanzwerkzeugbau\/n113-e-wechselfuehrungssaeule-mit-bund-h3\/","title":{"rendered":"h3 Wechself\u00fchrungss\u00e4ule mit Bund und Einf\u00e4delhilfe"},"content":{"rendered":"<div id=\"cs-content\" class=\"cs-content\"><\/div>\n","protected":false},"excerpt":{"rendered":"<p>F\u00fchrungss\u00e4ule zum Einpressen h3<\/p>\n","protected":false},"author":5,"featured_media":7152,"parent":91,"menu_order":0,"comment_status":"closed","ping_status":"closed","template":"template-blank-4.php","meta":{"inline_featured_image":false,"footnotes":""},"class_list":["post-6000","page","type-page","status-publish","has-post-thumbnail","hentry"],"_links":{"self":[{"href":"https:\/\/thg-normalien.de\/de\/wp-json\/wp\/v2\/pages\/6000","targetHints":{"allow":["GET"]}}],"collection":[{"href":"https:\/\/thg-normalien.de\/de\/wp-json\/wp\/v2\/pages"}],"about":[{"href":"https:\/\/thg-normalien.de\/de\/wp-json\/wp\/v2\/types\/page"}],"author":[{"embeddable":true,"href":"https:\/\/thg-normalien.de\/de\/wp-json\/wp\/v2\/users\/5"}],"replies":[{"embeddable":true,"href":"https:\/\/thg-normalien.de\/de\/wp-json\/wp\/v2\/comments?post=6000"}],"version-history":[{"count":8,"href":"https:\/\/thg-normalien.de\/de\/wp-json\/wp\/v2\/pages\/6000\/revisions"}],"predecessor-version":[{"id":7477,"href":"https:\/\/thg-normalien.de\/de\/wp-json\/wp\/v2\/pages\/6000\/revisions\/7477"}],"up":[{"embeddable":true,"href":"https:\/\/thg-normalien.de\/de\/wp-json\/wp\/v2\/pages\/91"}],"wp:featuredmedia":[{"embeddable":true,"href":"https:\/\/thg-normalien.de\/de\/wp-json\/wp\/v2\/media\/7152"}],"wp:attachment":[{"href":"https:\/\/thg-normalien.de\/de\/wp-json\/wp\/v2\/media?parent=6000"}],"curies":[{"name":"wp","href":"https:\/\/api.w.org\/{rel}","templated":true}]}}