{"id":5809,"date":"2021-03-18T13:42:32","date_gmt":"2021-03-18T12:42:32","guid":{"rendered":"https:\/\/thg-normalien.de\/?page_id=5809"},"modified":"2024-12-23T14:41:55","modified_gmt":"2024-12-23T13:41:55","slug":"fr2-spiraldruckfeder-rund-fuer-mittlere-belastungen-2","status":"publish","type":"page","link":"https:\/\/thg-normalien.de\/de\/federelemente\/fr2-spiraldruckfeder-rund-fuer-mittlere-belastungen-2\/","title":{"rendered":"Spiraldruckfeder rund f\u00fcr schwere Belastungen"},"content":{"rendered":"<div id=\"cs-content\" class=\"cs-content\"><\/div>\n","protected":false},"excerpt":{"rendered":"<p>Kategorie F\u00fchrungselemente Stanzwerkzeugbau DIN 9825 WDX DIN 9834 AFNOR ISO 9185-4 DIN 9831 DIN 5401 und Rollenk\u00e4fige Befestigung Schneidelemente ISO 8020 DIN 9861 DIN 1530 ISO 8977 DIN 9845 DIN 5118 Ohne Norm Federelemente ISO 10243:2019 Elastomer Gleitelemente VDI Gleitplatten und Standard Gleitplatten Stollen und Laschenf\u00fchrung Prismenf\u00fchrung Sinter Gleitelemente Sonder Zubeh\u00f6r VDI 3366 Automobil Normteile DIN ISO 10242-1 Werknorm DIN &#8230; <\/p>\n<div><a href=\"https:\/\/thg-normalien.de\/de\/federelemente\/fr2-spiraldruckfeder-rund-fuer-mittlere-belastungen-2\/\" class=\"more-link\">Read More<\/a><\/div>\n","protected":false},"author":5,"featured_media":7113,"parent":248,"menu_order":12,"comment_status":"closed","ping_status":"closed","template":"template-blank-4.php","meta":{"inline_featured_image":false,"footnotes":""},"class_list":["post-5809","page","type-page","status-publish","has-post-thumbnail","hentry"],"_links":{"self":[{"href":"https:\/\/thg-normalien.de\/de\/wp-json\/wp\/v2\/pages\/5809","targetHints":{"allow":["GET"]}}],"collection":[{"href":"https:\/\/thg-normalien.de\/de\/wp-json\/wp\/v2\/pages"}],"about":[{"href":"https:\/\/thg-normalien.de\/de\/wp-json\/wp\/v2\/types\/page"}],"author":[{"embeddable":true,"href":"https:\/\/thg-normalien.de\/de\/wp-json\/wp\/v2\/users\/5"}],"replies":[{"embeddable":true,"href":"https:\/\/thg-normalien.de\/de\/wp-json\/wp\/v2\/comments?post=5809"}],"version-history":[{"count":8,"href":"https:\/\/thg-normalien.de\/de\/wp-json\/wp\/v2\/pages\/5809\/revisions"}],"predecessor-version":[{"id":7352,"href":"https:\/\/thg-normalien.de\/de\/wp-json\/wp\/v2\/pages\/5809\/revisions\/7352"}],"up":[{"embeddable":true,"href":"https:\/\/thg-normalien.de\/de\/wp-json\/wp\/v2\/pages\/248"}],"wp:featuredmedia":[{"embeddable":true,"href":"https:\/\/thg-normalien.de\/de\/wp-json\/wp\/v2\/media\/7113"}],"wp:attachment":[{"href":"https:\/\/thg-normalien.de\/de\/wp-json\/wp\/v2\/media?parent=5809"}],"curies":[{"name":"wp","href":"https:\/\/api.w.org\/{rel}","templated":true}]}}