{"id":513,"date":"2020-01-23T14:29:56","date_gmt":"2020-01-23T13:29:56","guid":{"rendered":"http:\/\/thg-normalien.farbsaum.de\/?page_id=513"},"modified":"2022-11-18T17:16:33","modified_gmt":"2022-11-18T16:16:33","slug":"n500-tragschraube-nach-vdi-3366","status":"publish","type":"page","link":"https:\/\/thg-normalien.de\/de\/zubehoer\/n500-tragschraube-nach-vdi-3366\/","title":{"rendered":"Tragschraube nach"},"content":{"rendered":"<div id=\"cs-content\" class=\"cs-content\"><\/div>\n","protected":false},"excerpt":{"rendered":"<p>Kategorie F\u00fchrungselemente Stanzwerkzeugbau DIN 9825 WDX DIN 9834 AFNOR ISO 9185-4 DIN 9831 DIN 5401 und Rollenk\u00e4fige Befestigung Schneidelemente ISO 8020 DIN 9861 DIN 1530 ISO 8977 DIN 9845 DIN 5118 Ohne Norm Federelemente ISO 10243:2019 Elastomer Gleitelemente VDI Gleitplatten und Standard Gleitplatten Stollen und Laschenf\u00fchrung Prismenf\u00fchrung Sinter Gleitelemente Sonder Zubeh\u00f6r VDI 3366 Automobil Normteile DIN ISO 10242-1 Werknorm DIN &#8230; <\/p>\n<div><a href=\"https:\/\/thg-normalien.de\/de\/zubehoer\/n500-tragschraube-nach-vdi-3366\/\" class=\"more-link\">Read More<\/a><\/div>\n","protected":false},"author":1,"featured_media":6926,"parent":252,"menu_order":1,"comment_status":"closed","ping_status":"closed","template":"template-blank-4.php","meta":{"inline_featured_image":false,"footnotes":""},"class_list":["post-513","page","type-page","status-publish","has-post-thumbnail","hentry"],"_links":{"self":[{"href":"https:\/\/thg-normalien.de\/de\/wp-json\/wp\/v2\/pages\/513","targetHints":{"allow":["GET"]}}],"collection":[{"href":"https:\/\/thg-normalien.de\/de\/wp-json\/wp\/v2\/pages"}],"about":[{"href":"https:\/\/thg-normalien.de\/de\/wp-json\/wp\/v2\/types\/page"}],"author":[{"embeddable":true,"href":"https:\/\/thg-normalien.de\/de\/wp-json\/wp\/v2\/users\/1"}],"replies":[{"embeddable":true,"href":"https:\/\/thg-normalien.de\/de\/wp-json\/wp\/v2\/comments?post=513"}],"version-history":[{"count":10,"href":"https:\/\/thg-normalien.de\/de\/wp-json\/wp\/v2\/pages\/513\/revisions"}],"predecessor-version":[{"id":7285,"href":"https:\/\/thg-normalien.de\/de\/wp-json\/wp\/v2\/pages\/513\/revisions\/7285"}],"up":[{"embeddable":true,"href":"https:\/\/thg-normalien.de\/de\/wp-json\/wp\/v2\/pages\/252"}],"wp:featuredmedia":[{"embeddable":true,"href":"https:\/\/thg-normalien.de\/de\/wp-json\/wp\/v2\/media\/6926"}],"wp:attachment":[{"href":"https:\/\/thg-normalien.de\/de\/wp-json\/wp\/v2\/media?parent=513"}],"curies":[{"name":"wp","href":"https:\/\/api.w.org\/{rel}","templated":true}]}}