{"id":329,"date":"2020-01-23T09:48:55","date_gmt":"2020-01-23T08:48:55","guid":{"rendered":"http:\/\/thg-normalien.farbsaum.de\/?page_id=329"},"modified":"2024-12-23T12:04:16","modified_gmt":"2024-12-23T11:04:16","slug":"n130-fuehrungsbuchse-mit-festschmierstoff","status":"publish","type":"page","link":"https:\/\/thg-normalien.de\/de\/fuehrungselemente-stanzwerkzeugbau\/n130-fuehrungsbuchse-mit-festschmierstoff\/","title":{"rendered":"H7 F\u00fchrungsbuchse mit Festschmierstoff"},"content":{"rendered":"<div id=\"cs-content\" class=\"cs-content\"><\/div>\n","protected":false},"excerpt":{"rendered":"<p>Kategorie F\u00fchrungselemente Stanzwerkzeugbau DIN 9825 WDX DIN 9834 AFNOR ISO 9185-4 DIN 9831 DIN 5401 und Rollenk\u00e4fige Befestigung Schneidelemente ISO 8020 DIN 9861 DIN 1530 ISO 8977 DIN 9845 DIN 5118 Ohne Norm Federelemente ISO 10243:2019 Elastomer Gleitelemente VDI Gleitplatten und Standard Gleitplatten Stollen und Laschenf\u00fchrung Prismenf\u00fchrung Sinter Gleitelemente Sonder Zubeh\u00f6r VDI 3366 Automobil Normteile DIN ISO 10242-1 Werknorm DIN &#8230; <\/p>\n<div><a href=\"https:\/\/thg-normalien.de\/de\/fuehrungselemente-stanzwerkzeugbau\/n130-fuehrungsbuchse-mit-festschmierstoff\/\" class=\"more-link\">Read More<\/a><\/div>\n","protected":false},"author":1,"featured_media":7172,"parent":91,"menu_order":0,"comment_status":"closed","ping_status":"closed","template":"template-blank-4.php","meta":{"inline_featured_image":false,"footnotes":""},"class_list":["post-329","page","type-page","status-publish","has-post-thumbnail","hentry"],"_links":{"self":[{"href":"https:\/\/thg-normalien.de\/de\/wp-json\/wp\/v2\/pages\/329","targetHints":{"allow":["GET"]}}],"collection":[{"href":"https:\/\/thg-normalien.de\/de\/wp-json\/wp\/v2\/pages"}],"about":[{"href":"https:\/\/thg-normalien.de\/de\/wp-json\/wp\/v2\/types\/page"}],"author":[{"embeddable":true,"href":"https:\/\/thg-normalien.de\/de\/wp-json\/wp\/v2\/users\/1"}],"replies":[{"embeddable":true,"href":"https:\/\/thg-normalien.de\/de\/wp-json\/wp\/v2\/comments?post=329"}],"version-history":[{"count":9,"href":"https:\/\/thg-normalien.de\/de\/wp-json\/wp\/v2\/pages\/329\/revisions"}],"predecessor-version":[{"id":7490,"href":"https:\/\/thg-normalien.de\/de\/wp-json\/wp\/v2\/pages\/329\/revisions\/7490"}],"up":[{"embeddable":true,"href":"https:\/\/thg-normalien.de\/de\/wp-json\/wp\/v2\/pages\/91"}],"wp:featuredmedia":[{"embeddable":true,"href":"https:\/\/thg-normalien.de\/de\/wp-json\/wp\/v2\/media\/7172"}],"wp:attachment":[{"href":"https:\/\/thg-normalien.de\/de\/wp-json\/wp\/v2\/media?parent=329"}],"curies":[{"name":"wp","href":"https:\/\/api.w.org\/{rel}","templated":true}]}}