{"id":139,"date":"2020-01-16T14:02:30","date_gmt":"2020-01-16T13:02:30","guid":{"rendered":"http:\/\/thg-normalien.farbsaum.de\/?page_id=139"},"modified":"2024-12-23T11:46:10","modified_gmt":"2024-12-23T10:46:10","slug":"n122-haltebuchse-fuer-wechsel-fuehrungssaeulen","status":"publish","type":"page","link":"https:\/\/thg-normalien.de\/de\/fuehrungselemente-stanzwerkzeugbau\/n122-haltebuchse-fuer-wechsel-fuehrungssaeulen\/","title":{"rendered":"Haltebuchse f\u00fcr Wechsel-F\u00fchrungss\u00e4ulen"},"content":{"rendered":"<div id=\"cs-content\" class=\"cs-content\"><\/div>\n","protected":false},"excerpt":{"rendered":"<p>F\u00fchrungss\u00e4ule zum Einpressen h3<\/p>\n","protected":false},"author":1,"featured_media":7226,"parent":91,"menu_order":0,"comment_status":"closed","ping_status":"closed","template":"template-blank-4.php","meta":{"inline_featured_image":false,"footnotes":""},"class_list":["post-139","page","type-page","status-publish","has-post-thumbnail","hentry"],"_links":{"self":[{"href":"https:\/\/thg-normalien.de\/de\/wp-json\/wp\/v2\/pages\/139","targetHints":{"allow":["GET"]}}],"collection":[{"href":"https:\/\/thg-normalien.de\/de\/wp-json\/wp\/v2\/pages"}],"about":[{"href":"https:\/\/thg-normalien.de\/de\/wp-json\/wp\/v2\/types\/page"}],"author":[{"embeddable":true,"href":"https:\/\/thg-normalien.de\/de\/wp-json\/wp\/v2\/users\/1"}],"replies":[{"embeddable":true,"href":"https:\/\/thg-normalien.de\/de\/wp-json\/wp\/v2\/comments?post=139"}],"version-history":[{"count":11,"href":"https:\/\/thg-normalien.de\/de\/wp-json\/wp\/v2\/pages\/139\/revisions"}],"predecessor-version":[{"id":7486,"href":"https:\/\/thg-normalien.de\/de\/wp-json\/wp\/v2\/pages\/139\/revisions\/7486"}],"up":[{"embeddable":true,"href":"https:\/\/thg-normalien.de\/de\/wp-json\/wp\/v2\/pages\/91"}],"wp:featuredmedia":[{"embeddable":true,"href":"https:\/\/thg-normalien.de\/de\/wp-json\/wp\/v2\/media\/7226"}],"wp:attachment":[{"href":"https:\/\/thg-normalien.de\/de\/wp-json\/wp\/v2\/media?parent=139"}],"curies":[{"name":"wp","href":"https:\/\/api.w.org\/{rel}","templated":true}]}}