{"id":1224,"date":"2020-02-05T11:40:34","date_gmt":"2020-02-05T10:40:34","guid":{"rendered":"http:\/\/thg-normalien.farbsaum.de\/leistungen\/cnc-zerspanung\/gestellplatten-fuer-den-werkzeugbau\/"},"modified":"2020-02-05T15:43:24","modified_gmt":"2020-02-05T14:43:24","slug":"gestellplatten-fuer-den-werkzeugbau","status":"publish","type":"page","link":"https:\/\/thg-normalien.de\/de\/leistungen\/cnc-zerspanung\/gestellplatten-fuer-den-werkzeugbau\/","title":{"rendered":"Gestellplatten f\u00fcr den Werkzeugbau"},"content":{"rendered":"<div id=\"cs-content\" class=\"cs-content\"><\/div>\n","protected":false},"excerpt":{"rendered":"<p>Leistungen CNC Zerspanung Brennschneiden Normalien Transfersysteme \/ Robot-SystemeGestellplatten f\u00fcr den WerkzeugbauNach Ihren Vorgaben produzieren wir vom Kleinteil bis zu Werkst\u00fcckgr\u00f6\u00dfen\u00a04000mm x 2000mm\u00a0bei umlaufender Bearbeitung mitten in Deutschland. Alle\u00a0Gestellplatten\u00a0durchlaufen nat\u00fcrlich eine 100% Kontrolle. \u00dcberzeugen Sie sich selbst, wir freuen uns auf einen Besuch von Ihnen. Gestellpatten f\u00fcr h\u00f6chste Qualit\u00e4tsanspr\u00fccheGussgestelle f\u00fcr Transferwerkzeuge Haben Sie noch Fragen?Rufen Sie uns unverbindlich anJetzt anrufen: 06772 &#8230; <\/p>\n<div><a href=\"https:\/\/thg-normalien.de\/de\/leistungen\/cnc-zerspanung\/gestellplatten-fuer-den-werkzeugbau\/\" class=\"more-link\">Read More<\/a><\/div>\n","protected":false},"author":1,"featured_media":0,"parent":1164,"menu_order":2,"comment_status":"closed","ping_status":"closed","template":"template-blank-4.php","meta":{"inline_featured_image":false,"footnotes":""},"class_list":["post-1224","page","type-page","status-publish","hentry","no-post-thumbnail"],"_links":{"self":[{"href":"https:\/\/thg-normalien.de\/de\/wp-json\/wp\/v2\/pages\/1224","targetHints":{"allow":["GET"]}}],"collection":[{"href":"https:\/\/thg-normalien.de\/de\/wp-json\/wp\/v2\/pages"}],"about":[{"href":"https:\/\/thg-normalien.de\/de\/wp-json\/wp\/v2\/types\/page"}],"author":[{"embeddable":true,"href":"https:\/\/thg-normalien.de\/de\/wp-json\/wp\/v2\/users\/1"}],"replies":[{"embeddable":true,"href":"https:\/\/thg-normalien.de\/de\/wp-json\/wp\/v2\/comments?post=1224"}],"version-history":[{"count":6,"href":"https:\/\/thg-normalien.de\/de\/wp-json\/wp\/v2\/pages\/1224\/revisions"}],"predecessor-version":[{"id":1274,"href":"https:\/\/thg-normalien.de\/de\/wp-json\/wp\/v2\/pages\/1224\/revisions\/1274"}],"up":[{"embeddable":true,"href":"https:\/\/thg-normalien.de\/de\/wp-json\/wp\/v2\/pages\/1164"}],"wp:attachment":[{"href":"https:\/\/thg-normalien.de\/de\/wp-json\/wp\/v2\/media?parent=1224"}],"curies":[{"name":"wp","href":"https:\/\/api.w.org\/{rel}","templated":true}]}}