{"id":1223,"date":"2020-02-05T11:40:33","date_gmt":"2020-02-05T10:40:33","guid":{"rendered":"http:\/\/thg-normalien.farbsaum.de\/leistungen\/cnc-zerspanung\/cnc-fraesbearbeitung\/"},"modified":"2020-02-05T15:14:19","modified_gmt":"2020-02-05T14:14:19","slug":"cnc-fraesbearbeitung","status":"publish","type":"page","link":"https:\/\/thg-normalien.de\/de\/leistungen\/cnc-zerspanung\/cnc-fraesbearbeitung\/","title":{"rendered":"CNC-Fr\u00e4sbearbeitung"},"content":{"rendered":"<div id=\"cs-content\" class=\"cs-content\"><\/div>\n","protected":false},"excerpt":{"rendered":"<p>Leistungen CNC Zerspanung Brennschneiden Normalien Transfersysteme \/ Robot-SystemeCNC-Fr\u00e4sbearbeitungWir bieten mehr: Die besten L\u00f6sungen f\u00fcr Ihr Projekt! Durch pers\u00f6nliche Betreuung:kompetente Ansprechpartnertechnische Beratungschnelle AngeboteAlles aus einer HandUnsere Projektleiter entwickeln mit Ihnen die beste L\u00f6sung. Langj\u00e4hrige Erfahrung in der CNC Zerspanung erm\u00f6glicht es uns, Ihnen in k\u00fcrzester Zeit ein detailliertes Angebot abzugeben. Durch modernste Technik: Unsere Programmierer \u00fcbersetzen an hochmodernen CAD\/CAM Arbeitspl\u00e4tzen vorliegende &#8230; <\/p>\n<div><a href=\"https:\/\/thg-normalien.de\/de\/leistungen\/cnc-zerspanung\/cnc-fraesbearbeitung\/\" class=\"more-link\">Read More<\/a><\/div>\n","protected":false},"author":1,"featured_media":0,"parent":1164,"menu_order":1,"comment_status":"closed","ping_status":"closed","template":"template-blank-4.php","meta":{"inline_featured_image":false,"footnotes":""},"class_list":["post-1223","page","type-page","status-publish","hentry","no-post-thumbnail"],"_links":{"self":[{"href":"https:\/\/thg-normalien.de\/de\/wp-json\/wp\/v2\/pages\/1223","targetHints":{"allow":["GET"]}}],"collection":[{"href":"https:\/\/thg-normalien.de\/de\/wp-json\/wp\/v2\/pages"}],"about":[{"href":"https:\/\/thg-normalien.de\/de\/wp-json\/wp\/v2\/types\/page"}],"author":[{"embeddable":true,"href":"https:\/\/thg-normalien.de\/de\/wp-json\/wp\/v2\/users\/1"}],"replies":[{"embeddable":true,"href":"https:\/\/thg-normalien.de\/de\/wp-json\/wp\/v2\/comments?post=1223"}],"version-history":[{"count":4,"href":"https:\/\/thg-normalien.de\/de\/wp-json\/wp\/v2\/pages\/1223\/revisions"}],"predecessor-version":[{"id":1242,"href":"https:\/\/thg-normalien.de\/de\/wp-json\/wp\/v2\/pages\/1223\/revisions\/1242"}],"up":[{"embeddable":true,"href":"https:\/\/thg-normalien.de\/de\/wp-json\/wp\/v2\/pages\/1164"}],"wp:attachment":[{"href":"https:\/\/thg-normalien.de\/de\/wp-json\/wp\/v2\/media?parent=1223"}],"curies":[{"name":"wp","href":"https:\/\/api.w.org\/{rel}","templated":true}]}}