{"id":1170,"date":"2020-02-04T17:06:11","date_gmt":"2020-02-04T16:06:11","guid":{"rendered":"http:\/\/thg-normalien.farbsaum.de\/?page_id=1170"},"modified":"2020-02-26T11:37:03","modified_gmt":"2020-02-26T10:37:03","slug":"transfersysteme-robot-systeme","status":"publish","type":"page","link":"https:\/\/thg-normalien.de\/de\/leistungen\/transfersysteme-robot-systeme\/","title":{"rendered":"Transfersysteme \/ Robot-Systeme"},"content":{"rendered":"<div id=\"cs-content\" class=\"cs-content\"><\/div>\n","protected":false},"excerpt":{"rendered":"<p>Leistungen CNC Zerspanung Brennschneiden Normalien Transfersysteme \/ Robot-SystemeTransfersysteme \/ Robot-SystemeKonstruktion:Wir entwickeln f\u00fcr Sie die optimale L\u00f6sung f\u00fcr Ihre PressenAutomationNat\u00fcrlich gehen wir mit Ihren Daten absolut vertraulich um.Herstellung:Unser moderner Maschinenpark erm\u00f6glicht es uns, alle Komponenten mit h\u00f6chster Pr\u00e4zision herzustellen. Montage:Wir montieren die Transfer-Systeme und die Robot-Systeme im Werk. Die Inbetriebnahme erfolgt dann durch unsere Spezialisten bei Ihnen vor Ort. Inbetriebnahme:Unsere qualifizierten &#8230; <\/p>\n<div><a href=\"https:\/\/thg-normalien.de\/de\/leistungen\/transfersysteme-robot-systeme\/\" class=\"more-link\">Read More<\/a><\/div>\n","protected":false},"author":1,"featured_media":0,"parent":1162,"menu_order":0,"comment_status":"closed","ping_status":"closed","template":"template-blank-4.php","meta":{"inline_featured_image":false,"footnotes":""},"class_list":["post-1170","page","type-page","status-publish","hentry","no-post-thumbnail"],"_links":{"self":[{"href":"https:\/\/thg-normalien.de\/de\/wp-json\/wp\/v2\/pages\/1170","targetHints":{"allow":["GET"]}}],"collection":[{"href":"https:\/\/thg-normalien.de\/de\/wp-json\/wp\/v2\/pages"}],"about":[{"href":"https:\/\/thg-normalien.de\/de\/wp-json\/wp\/v2\/types\/page"}],"author":[{"embeddable":true,"href":"https:\/\/thg-normalien.de\/de\/wp-json\/wp\/v2\/users\/1"}],"replies":[{"embeddable":true,"href":"https:\/\/thg-normalien.de\/de\/wp-json\/wp\/v2\/comments?post=1170"}],"version-history":[{"count":5,"href":"https:\/\/thg-normalien.de\/de\/wp-json\/wp\/v2\/pages\/1170\/revisions"}],"predecessor-version":[{"id":4777,"href":"https:\/\/thg-normalien.de\/de\/wp-json\/wp\/v2\/pages\/1170\/revisions\/4777"}],"up":[{"embeddable":true,"href":"https:\/\/thg-normalien.de\/de\/wp-json\/wp\/v2\/pages\/1162"}],"wp:attachment":[{"href":"https:\/\/thg-normalien.de\/de\/wp-json\/wp\/v2\/media?parent=1170"}],"curies":[{"name":"wp","href":"https:\/\/api.w.org\/{rel}","templated":true}]}}