{"id":1168,"date":"2020-02-04T17:05:29","date_gmt":"2020-02-04T16:05:29","guid":{"rendered":"http:\/\/thg-normalien.farbsaum.de\/?page_id=1168"},"modified":"2020-02-26T11:30:23","modified_gmt":"2020-02-26T10:30:23","slug":"normalien","status":"publish","type":"page","link":"https:\/\/thg-normalien.de\/de\/leistungen\/normalien\/","title":{"rendered":"Normalien"},"content":{"rendered":"<div id=\"cs-content\" class=\"cs-content\"><\/div>\n","protected":false},"excerpt":{"rendered":"<p>Leistungen CNC Zerspanung Brennschneiden Normalien Transfersysteme \/ Robot-SystemeNormalienSie bekommen das komplette Spektrum an\u00a0Stanznormalien\u00a0von den F\u00fchrungselementen, Schneidelementen, Gleitelemente,Transportelementen, Gasdruckfeder, Schraubendruckfeder,Tankplatten, Seitenschieber, bis zu elektrischen Gewindeformeinheiten bei uns. Egal welcher Normalienhersteller, wir schl\u00fcsseln auf unsere zu 100 % kompatible Produkte um. Senden Sie uns Ihre St\u00fcckliste, oder nennen Sie uns die von Ihnen gesuchte Normalie, wir machen Ihnen in k\u00fcrzester Zeit ein &#8230; <\/p>\n<div><a href=\"https:\/\/thg-normalien.de\/de\/leistungen\/normalien\/\" class=\"more-link\">Read More<\/a><\/div>\n","protected":false},"author":1,"featured_media":0,"parent":1162,"menu_order":0,"comment_status":"closed","ping_status":"closed","template":"template-blank-4.php","meta":{"inline_featured_image":false,"footnotes":""},"class_list":["post-1168","page","type-page","status-publish","hentry","no-post-thumbnail"],"_links":{"self":[{"href":"https:\/\/thg-normalien.de\/de\/wp-json\/wp\/v2\/pages\/1168","targetHints":{"allow":["GET"]}}],"collection":[{"href":"https:\/\/thg-normalien.de\/de\/wp-json\/wp\/v2\/pages"}],"about":[{"href":"https:\/\/thg-normalien.de\/de\/wp-json\/wp\/v2\/types\/page"}],"author":[{"embeddable":true,"href":"https:\/\/thg-normalien.de\/de\/wp-json\/wp\/v2\/users\/1"}],"replies":[{"embeddable":true,"href":"https:\/\/thg-normalien.de\/de\/wp-json\/wp\/v2\/comments?post=1168"}],"version-history":[{"count":6,"href":"https:\/\/thg-normalien.de\/de\/wp-json\/wp\/v2\/pages\/1168\/revisions"}],"predecessor-version":[{"id":1218,"href":"https:\/\/thg-normalien.de\/de\/wp-json\/wp\/v2\/pages\/1168\/revisions\/1218"}],"up":[{"embeddable":true,"href":"https:\/\/thg-normalien.de\/de\/wp-json\/wp\/v2\/pages\/1162"}],"wp:attachment":[{"href":"https:\/\/thg-normalien.de\/de\/wp-json\/wp\/v2\/media?parent=1168"}],"curies":[{"name":"wp","href":"https:\/\/api.w.org\/{rel}","templated":true}]}}