{"id":1164,"date":"2020-02-04T17:02:33","date_gmt":"2020-02-04T16:02:33","guid":{"rendered":"http:\/\/thg-normalien.farbsaum.de\/?page_id=1164"},"modified":"2020-02-05T16:15:23","modified_gmt":"2020-02-05T15:15:23","slug":"cnc-zerspanung","status":"publish","type":"page","link":"https:\/\/thg-normalien.de\/de\/leistungen\/cnc-zerspanung\/","title":{"rendered":"CNC Zerspanung"},"content":{"rendered":"<div id=\"cs-content\" class=\"cs-content\"><\/div>\n","protected":false},"excerpt":{"rendered":"<p>Leistungen CNC Zerspanung Brennschneiden Normalien Transfersysteme \/ Robot-SystemeCNC ZerspanungCNC Fr\u00e4sbearbeitungCNC-Fr\u00e4steile in Top Qualit\u00e4t. Wir fertigen f\u00fcr Sie L\u00f6sungen, mitten in Deutschland. Durch unseren umfangreichen Maschinenpark, sind wir in der Lage, Werkst\u00fcckgr\u00f6\u00dfen bis 4000 x 2000 mm zu bearbeiten. Mehr erfahrenGestellplattenWir sind Ihr zuverl\u00e4ssiger Partner f\u00fcr die\u00a0Anfertigung und Bearbeitung von Werkzeugplatten, Werkzeugteilen, Sonderplatten, Tankplatten, Maschinenbauteilen, Gro\u00dffr\u00e4steilen, Gussteilen und Vorrichtungsteilen. Mehr erfahrenSchleifplattenKurze &#8230; <\/p>\n<div><a href=\"https:\/\/thg-normalien.de\/de\/leistungen\/cnc-zerspanung\/\" class=\"more-link\">Read More<\/a><\/div>\n","protected":false},"author":1,"featured_media":0,"parent":1162,"menu_order":0,"comment_status":"closed","ping_status":"closed","template":"template-blank-4.php","meta":{"inline_featured_image":false,"footnotes":""},"class_list":["post-1164","page","type-page","status-publish","hentry","no-post-thumbnail"],"_links":{"self":[{"href":"https:\/\/thg-normalien.de\/de\/wp-json\/wp\/v2\/pages\/1164","targetHints":{"allow":["GET"]}}],"collection":[{"href":"https:\/\/thg-normalien.de\/de\/wp-json\/wp\/v2\/pages"}],"about":[{"href":"https:\/\/thg-normalien.de\/de\/wp-json\/wp\/v2\/types\/page"}],"author":[{"embeddable":true,"href":"https:\/\/thg-normalien.de\/de\/wp-json\/wp\/v2\/users\/1"}],"replies":[{"embeddable":true,"href":"https:\/\/thg-normalien.de\/de\/wp-json\/wp\/v2\/comments?post=1164"}],"version-history":[{"count":5,"href":"https:\/\/thg-normalien.de\/de\/wp-json\/wp\/v2\/pages\/1164\/revisions"}],"predecessor-version":[{"id":1282,"href":"https:\/\/thg-normalien.de\/de\/wp-json\/wp\/v2\/pages\/1164\/revisions\/1282"}],"up":[{"embeddable":true,"href":"https:\/\/thg-normalien.de\/de\/wp-json\/wp\/v2\/pages\/1162"}],"wp:attachment":[{"href":"https:\/\/thg-normalien.de\/de\/wp-json\/wp\/v2\/media?parent=1164"}],"curies":[{"name":"wp","href":"https:\/\/api.w.org\/{rel}","templated":true}]}}