{"id":1136,"date":"2020-02-04T14:39:38","date_gmt":"2020-02-04T13:39:38","guid":{"rendered":"http:\/\/thg-normalien.farbsaum.de\/?page_id=1136"},"modified":"2025-06-13T13:47:19","modified_gmt":"2025-06-13T11:47:19","slug":"service","status":"publish","type":"page","link":"https:\/\/thg-normalien.de\/de\/service\/","title":{"rendered":"Service"},"content":{"rendered":"<div id=\"cs-content\" class=\"cs-content\"><\/div>\n","protected":false},"excerpt":{"rendered":"<p>Unternehmen \u00dcber uns Historie ServiceServiceUnser Service f\u00fcr Sie &#8211; &#8222;Alles aus einer Hand&#8220; Wir entlasten Sie bei der Herstellung von Schneidwerkzeugen, Umformwerkzeugen und Vorrichtungen wesentlich. Aus Ihren CAD Daten des S\u00e4ulenf\u00fchrungsgestells und St\u00fcckliste der Normalien (egal welcher Hersteller) erstellen unsere Spezialisten in k\u00fcrzester Zeit ein detailliertes Angebot. Ganz nach Ihren W\u00fcnschen fertigen wir f\u00fcr Sie Brennplatten, Schleifplatten, CNC bearbeitete Gestellplatten &#8230; <\/p>\n<div><a href=\"https:\/\/thg-normalien.de\/de\/service\/\" class=\"more-link\">Read More<\/a><\/div>\n","protected":false},"author":1,"featured_media":0,"parent":0,"menu_order":0,"comment_status":"closed","ping_status":"closed","template":"template-blank-4.php","meta":{"inline_featured_image":false,"footnotes":""},"class_list":["post-1136","page","type-page","status-publish","hentry","no-post-thumbnail"],"_links":{"self":[{"href":"https:\/\/thg-normalien.de\/de\/wp-json\/wp\/v2\/pages\/1136","targetHints":{"allow":["GET"]}}],"collection":[{"href":"https:\/\/thg-normalien.de\/de\/wp-json\/wp\/v2\/pages"}],"about":[{"href":"https:\/\/thg-normalien.de\/de\/wp-json\/wp\/v2\/types\/page"}],"author":[{"embeddable":true,"href":"https:\/\/thg-normalien.de\/de\/wp-json\/wp\/v2\/users\/1"}],"replies":[{"embeddable":true,"href":"https:\/\/thg-normalien.de\/de\/wp-json\/wp\/v2\/comments?post=1136"}],"version-history":[{"count":10,"href":"https:\/\/thg-normalien.de\/de\/wp-json\/wp\/v2\/pages\/1136\/revisions"}],"predecessor-version":[{"id":7713,"href":"https:\/\/thg-normalien.de\/de\/wp-json\/wp\/v2\/pages\/1136\/revisions\/7713"}],"wp:attachment":[{"href":"https:\/\/thg-normalien.de\/de\/wp-json\/wp\/v2\/media?parent=1136"}],"curies":[{"name":"wp","href":"https:\/\/api.w.org\/{rel}","templated":true}]}}