{"id":112,"date":"2020-01-16T11:18:31","date_gmt":"2020-01-16T10:18:31","guid":{"rendered":"http:\/\/thg-normalien.farbsaum.de\/?page_id=112"},"modified":"2024-12-23T10:11:12","modified_gmt":"2024-12-23T09:11:12","slug":"n106-fuehrungssaeule-fuer-grosswerkzeuge","status":"publish","type":"page","link":"https:\/\/thg-normalien.de\/de\/fuehrungselemente-stanzwerkzeugbau\/n106-fuehrungssaeule-fuer-grosswerkzeuge\/","title":{"rendered":"f6 F\u00fchrungss\u00e4ule f\u00fcr Gro\u00dfwerkzeuge"},"content":{"rendered":"<div id=\"cs-content\" class=\"cs-content\"><\/div>\n","protected":false},"excerpt":{"rendered":"<p>F\u00fchrungss\u00e4ule zum Einpressen h3<\/p>\n","protected":false},"author":1,"featured_media":7141,"parent":91,"menu_order":0,"comment_status":"closed","ping_status":"closed","template":"template-blank-4.php","meta":{"inline_featured_image":false,"footnotes":""},"class_list":["post-112","page","type-page","status-publish","has-post-thumbnail","hentry"],"_links":{"self":[{"href":"https:\/\/thg-normalien.de\/de\/wp-json\/wp\/v2\/pages\/112","targetHints":{"allow":["GET"]}}],"collection":[{"href":"https:\/\/thg-normalien.de\/de\/wp-json\/wp\/v2\/pages"}],"about":[{"href":"https:\/\/thg-normalien.de\/de\/wp-json\/wp\/v2\/types\/page"}],"author":[{"embeddable":true,"href":"https:\/\/thg-normalien.de\/de\/wp-json\/wp\/v2\/users\/1"}],"replies":[{"embeddable":true,"href":"https:\/\/thg-normalien.de\/de\/wp-json\/wp\/v2\/comments?post=112"}],"version-history":[{"count":14,"href":"https:\/\/thg-normalien.de\/de\/wp-json\/wp\/v2\/pages\/112\/revisions"}],"predecessor-version":[{"id":7464,"href":"https:\/\/thg-normalien.de\/de\/wp-json\/wp\/v2\/pages\/112\/revisions\/7464"}],"up":[{"embeddable":true,"href":"https:\/\/thg-normalien.de\/de\/wp-json\/wp\/v2\/pages\/91"}],"wp:featuredmedia":[{"embeddable":true,"href":"https:\/\/thg-normalien.de\/de\/wp-json\/wp\/v2\/media\/7141"}],"wp:attachment":[{"href":"https:\/\/thg-normalien.de\/de\/wp-json\/wp\/v2\/media?parent=112"}],"curies":[{"name":"wp","href":"https:\/\/api.w.org\/{rel}","templated":true}]}}