{"id":1112,"date":"2020-02-04T11:47:39","date_gmt":"2020-02-04T10:47:39","guid":{"rendered":"http:\/\/thg-normalien.farbsaum.de\/?page_id=1112"},"modified":"2026-02-12T09:28:28","modified_gmt":"2026-02-12T08:28:28","slug":"kontakt","status":"publish","type":"page","link":"https:\/\/thg-normalien.de\/de\/kontakt\/","title":{"rendered":"Kontakt"},"content":{"rendered":"<div id=\"cs-content\" class=\"cs-content\"><\/div>\n","protected":false},"excerpt":{"rendered":"<p>Nehmen Sie Kontakt mit uns auf.Wir beraten Sie gerne! Mit dem Laden der Karte akzeptieren Sie die Datenschutzerkl\u00e4rung von Google.Mehr erfahren Karte laden Google Maps immer entsperren Name* E-Mail Adresse* Ihre Nachricht Ja, ich best\u00e4tige, dass ich die Datenschutzerkl\u00e4rung gelesen habe und sie akzeptiere.* *Pflichtfelder THG Normalien GmbHKieselstra\u00dfe 6 56357 Miehlen &#8211; Rheinland-Pfalz Deutschland +49 6772 22290+49 6772 222929info@thg-normalien.dewww.thg-normalien.de<\/p>\n","protected":false},"author":1,"featured_media":0,"parent":0,"menu_order":0,"comment_status":"closed","ping_status":"closed","template":"template-blank-4.php","meta":{"inline_featured_image":false,"footnotes":""},"class_list":["post-1112","page","type-page","status-publish","hentry","no-post-thumbnail"],"_links":{"self":[{"href":"https:\/\/thg-normalien.de\/de\/wp-json\/wp\/v2\/pages\/1112","targetHints":{"allow":["GET"]}}],"collection":[{"href":"https:\/\/thg-normalien.de\/de\/wp-json\/wp\/v2\/pages"}],"about":[{"href":"https:\/\/thg-normalien.de\/de\/wp-json\/wp\/v2\/types\/page"}],"author":[{"embeddable":true,"href":"https:\/\/thg-normalien.de\/de\/wp-json\/wp\/v2\/users\/1"}],"replies":[{"embeddable":true,"href":"https:\/\/thg-normalien.de\/de\/wp-json\/wp\/v2\/comments?post=1112"}],"version-history":[{"count":19,"href":"https:\/\/thg-normalien.de\/de\/wp-json\/wp\/v2\/pages\/1112\/revisions"}],"predecessor-version":[{"id":7877,"href":"https:\/\/thg-normalien.de\/de\/wp-json\/wp\/v2\/pages\/1112\/revisions\/7877"}],"wp:attachment":[{"href":"https:\/\/thg-normalien.de\/de\/wp-json\/wp\/v2\/media?parent=1112"}],"curies":[{"name":"wp","href":"https:\/\/api.w.org\/{rel}","templated":true}]}}