{"id":1056,"date":"2020-01-29T14:13:32","date_gmt":"2020-01-29T13:13:32","guid":{"rendered":"http:\/\/thg-normalien.farbsaum.de\/?page_id=1056"},"modified":"2021-03-17T14:30:24","modified_gmt":"2021-03-17T13:30:24","slug":"historie","status":"publish","type":"page","link":"https:\/\/thg-normalien.de\/de\/historie\/","title":{"rendered":"Historie"},"content":{"rendered":"<div id=\"cs-content\" class=\"cs-content\"><\/div>\n","protected":false},"excerpt":{"rendered":"<p>Unternehmen \u00dcber uns Historie ServiceHistorie2001 Gegr\u00fcndet in Nast\u00e4tten 2002 Erste eigene Produktion 2003 Umzug nach Miehlen 2012 Kauf des kompletten Betriebsgel\u00e4ndes 2016 15 Jahre THG-Normalien 2019 VEP Generalvertretung Deutschland Umzug nach Miehlen 2003 Kauf des kompletten Betriebsgel\u00e4ndes 2012 15 Jahre THG-Normalien 2016 Haben Sie noch Fragen?Rufen Sie uns unverbindlich anJetzt anrufen: 06772 22290 Name* E-Mail Adresse* Ihre Nachricht Ja, ich &#8230; <\/p>\n<div><a href=\"https:\/\/thg-normalien.de\/de\/historie\/\" class=\"more-link\">Read More<\/a><\/div>\n","protected":false},"author":1,"featured_media":0,"parent":0,"menu_order":0,"comment_status":"closed","ping_status":"closed","template":"template-blank-4.php","meta":{"inline_featured_image":false,"footnotes":""},"class_list":["post-1056","page","type-page","status-publish","hentry","no-post-thumbnail"],"_links":{"self":[{"href":"https:\/\/thg-normalien.de\/de\/wp-json\/wp\/v2\/pages\/1056","targetHints":{"allow":["GET"]}}],"collection":[{"href":"https:\/\/thg-normalien.de\/de\/wp-json\/wp\/v2\/pages"}],"about":[{"href":"https:\/\/thg-normalien.de\/de\/wp-json\/wp\/v2\/types\/page"}],"author":[{"embeddable":true,"href":"https:\/\/thg-normalien.de\/de\/wp-json\/wp\/v2\/users\/1"}],"replies":[{"embeddable":true,"href":"https:\/\/thg-normalien.de\/de\/wp-json\/wp\/v2\/comments?post=1056"}],"version-history":[{"count":16,"href":"https:\/\/thg-normalien.de\/de\/wp-json\/wp\/v2\/pages\/1056\/revisions"}],"predecessor-version":[{"id":5794,"href":"https:\/\/thg-normalien.de\/de\/wp-json\/wp\/v2\/pages\/1056\/revisions\/5794"}],"wp:attachment":[{"href":"https:\/\/thg-normalien.de\/de\/wp-json\/wp\/v2\/media?parent=1056"}],"curies":[{"name":"wp","href":"https:\/\/api.w.org\/{rel}","templated":true}]}}