{"id":1054,"date":"2020-01-29T14:12:25","date_gmt":"2020-01-29T13:12:25","guid":{"rendered":"http:\/\/thg-normalien.farbsaum.de\/?page_id=1054"},"modified":"2020-02-20T10:28:45","modified_gmt":"2020-02-20T09:28:45","slug":"ueber-uns","status":"publish","type":"page","link":"https:\/\/thg-normalien.de\/de\/ueber-uns\/","title":{"rendered":"\u00dcber uns"},"content":{"rendered":"<div id=\"cs-content\" class=\"cs-content\"><\/div>\n","protected":false},"excerpt":{"rendered":"<p>Unternehmen \u00dcber uns Historie Service\u00dcber unsThomas Grings Gr\u00fcnder und Gesch\u00e4ftsf\u00fchrer THG-Normalien wurde 2001 in Nast\u00e4tten gegr\u00fcndet und w\u00e4chst seitdem stetig. Wir sind fokussiert auf die CNC-Metallbearbeitung und Normteile. Aufgrund unserer Leistungsst\u00e4rke sind wir im Laufe der Jahre zu einem wichtigen Partner f\u00fcr alle Stahlverarbeiter in Deutschland geworden. Dank der Kreativit\u00e4t, Flexibilit\u00e4t und Einsatzbereitschaft unserer Mitarbeiter stellen wir unsere Kunden von &#8230; <\/p>\n<div><a href=\"https:\/\/thg-normalien.de\/de\/ueber-uns\/\" class=\"more-link\">Read More<\/a><\/div>\n","protected":false},"author":1,"featured_media":0,"parent":0,"menu_order":0,"comment_status":"closed","ping_status":"closed","template":"template-blank-4.php","meta":{"inline_featured_image":false,"footnotes":""},"class_list":["post-1054","page","type-page","status-publish","hentry","no-post-thumbnail"],"_links":{"self":[{"href":"https:\/\/thg-normalien.de\/de\/wp-json\/wp\/v2\/pages\/1054","targetHints":{"allow":["GET"]}}],"collection":[{"href":"https:\/\/thg-normalien.de\/de\/wp-json\/wp\/v2\/pages"}],"about":[{"href":"https:\/\/thg-normalien.de\/de\/wp-json\/wp\/v2\/types\/page"}],"author":[{"embeddable":true,"href":"https:\/\/thg-normalien.de\/de\/wp-json\/wp\/v2\/users\/1"}],"replies":[{"embeddable":true,"href":"https:\/\/thg-normalien.de\/de\/wp-json\/wp\/v2\/comments?post=1054"}],"version-history":[{"count":14,"href":"https:\/\/thg-normalien.de\/de\/wp-json\/wp\/v2\/pages\/1054\/revisions"}],"predecessor-version":[{"id":3646,"href":"https:\/\/thg-normalien.de\/de\/wp-json\/wp\/v2\/pages\/1054\/revisions\/3646"}],"wp:attachment":[{"href":"https:\/\/thg-normalien.de\/de\/wp-json\/wp\/v2\/media?parent=1054"}],"curies":[{"name":"wp","href":"https:\/\/api.w.org\/{rel}","templated":true}]}}