{"id":1028,"date":"2020-01-29T12:13:42","date_gmt":"2020-01-29T11:13:42","guid":{"rendered":"http:\/\/thg-normalien.farbsaum.de\/?page_id=1028"},"modified":"2023-06-26T10:06:31","modified_gmt":"2023-06-26T08:06:31","slug":"datenschutz","status":"publish","type":"page","link":"https:\/\/thg-normalien.de\/de\/datenschutz\/","title":{"rendered":"Datenschutz"},"content":{"rendered":"<div id=\"cs-content\" class=\"cs-content\"><\/div>\n","protected":false},"excerpt":{"rendered":"<p>Datenschutz Datenschutzerkl\u00e4rung An dieser Stelle m\u00f6chten wir Sie gerne \u00fcber den Datenschutz bei Besuch unserer Webseite informieren. Der Schutz der Privatsph\u00e4re und Ihrer pers\u00f6nlichen Daten ist uns ein wichtiges Anliegen. Wir wollen personenbezogene Daten \u00fcber Sie nur mit Ihrem Wissen bzw. Ihrer Zustimmung erfassen und verarbeiten. Sie erfahren, welche Informationen wir gegebenenfalls speichern und f\u00fcr welche Zwecke wir sie verwenden. &#8230; <\/p>\n<div><a href=\"https:\/\/thg-normalien.de\/de\/datenschutz\/\" class=\"more-link\">Read More<\/a><\/div>\n","protected":false},"author":1,"featured_media":0,"parent":0,"menu_order":0,"comment_status":"closed","ping_status":"closed","template":"template-blank-4.php","meta":{"inline_featured_image":false,"footnotes":""},"class_list":["post-1028","page","type-page","status-publish","hentry","no-post-thumbnail"],"_links":{"self":[{"href":"https:\/\/thg-normalien.de\/de\/wp-json\/wp\/v2\/pages\/1028","targetHints":{"allow":["GET"]}}],"collection":[{"href":"https:\/\/thg-normalien.de\/de\/wp-json\/wp\/v2\/pages"}],"about":[{"href":"https:\/\/thg-normalien.de\/de\/wp-json\/wp\/v2\/types\/page"}],"author":[{"embeddable":true,"href":"https:\/\/thg-normalien.de\/de\/wp-json\/wp\/v2\/users\/1"}],"replies":[{"embeddable":true,"href":"https:\/\/thg-normalien.de\/de\/wp-json\/wp\/v2\/comments?post=1028"}],"version-history":[{"count":7,"href":"https:\/\/thg-normalien.de\/de\/wp-json\/wp\/v2\/pages\/1028\/revisions"}],"predecessor-version":[{"id":7626,"href":"https:\/\/thg-normalien.de\/de\/wp-json\/wp\/v2\/pages\/1028\/revisions\/7626"}],"wp:attachment":[{"href":"https:\/\/thg-normalien.de\/de\/wp-json\/wp\/v2\/media?parent=1028"}],"curies":[{"name":"wp","href":"https:\/\/api.w.org\/{rel}","templated":true}]}}