{"id":1026,"date":"2020-01-29T12:12:41","date_gmt":"2020-01-29T11:12:41","guid":{"rendered":"http:\/\/thg-normalien.farbsaum.de\/?page_id=1026"},"modified":"2025-03-14T08:43:37","modified_gmt":"2025-03-14T07:43:37","slug":"impressum","status":"publish","type":"page","link":"https:\/\/thg-normalien.de\/de\/impressum\/","title":{"rendered":"Impressum"},"content":{"rendered":"<div id=\"cs-content\" class=\"cs-content\"><\/div>\n","protected":false},"excerpt":{"rendered":"<p>Impressum Inhaltlich verantwortlich: THG Normalien GmbH Kieselstra\u00dfe 6 56357 Miehlen &#8211; Rheinland-Pfalz Deutschland Tel +49 6772 22290 Fax +49 6772 222929 E-Mail: info@thg-normalien.de Internet:\u00a0www.thg-normalien.de Vertretungsberechtigte Gesch\u00e4ftsf\u00fchrer: Thomas Grings Registergericht: Amtsgericht Koblenz Registernummer: HRB 22907 Umsatzsteuer-Identifikationsnummer gem\u00e4\u00df \u00a727a Umsatzsteuergesetz: DE 280788902 Inhaltlich Verantwortlicher gem\u00e4\u00df \u00a7 55 Abs. 2 RStV: Thomas Grings Haftungshinweis: Trotz sorgf\u00e4ltiger inhaltlicher Kontrolle \u00fcbernehmen wir keine Haftung f\u00fcr &#8230; <\/p>\n<div><a href=\"https:\/\/thg-normalien.de\/de\/impressum\/\" class=\"more-link\">Read More<\/a><\/div>\n","protected":false},"author":1,"featured_media":0,"parent":0,"menu_order":0,"comment_status":"closed","ping_status":"closed","template":"template-blank-4.php","meta":{"inline_featured_image":false,"footnotes":""},"class_list":["post-1026","page","type-page","status-publish","hentry","no-post-thumbnail"],"_links":{"self":[{"href":"https:\/\/thg-normalien.de\/de\/wp-json\/wp\/v2\/pages\/1026","targetHints":{"allow":["GET"]}}],"collection":[{"href":"https:\/\/thg-normalien.de\/de\/wp-json\/wp\/v2\/pages"}],"about":[{"href":"https:\/\/thg-normalien.de\/de\/wp-json\/wp\/v2\/types\/page"}],"author":[{"embeddable":true,"href":"https:\/\/thg-normalien.de\/de\/wp-json\/wp\/v2\/users\/1"}],"replies":[{"embeddable":true,"href":"https:\/\/thg-normalien.de\/de\/wp-json\/wp\/v2\/comments?post=1026"}],"version-history":[{"count":4,"href":"https:\/\/thg-normalien.de\/de\/wp-json\/wp\/v2\/pages\/1026\/revisions"}],"predecessor-version":[{"id":7806,"href":"https:\/\/thg-normalien.de\/de\/wp-json\/wp\/v2\/pages\/1026\/revisions\/7806"}],"wp:attachment":[{"href":"https:\/\/thg-normalien.de\/de\/wp-json\/wp\/v2\/media?parent=1026"}],"curies":[{"name":"wp","href":"https:\/\/api.w.org\/{rel}","templated":true}]}}