{"id":1024,"date":"2020-01-29T12:10:43","date_gmt":"2020-01-29T11:10:43","guid":{"rendered":"http:\/\/thg-normalien.farbsaum.de\/?page_id=1024"},"modified":"2020-03-17T11:03:02","modified_gmt":"2020-03-17T10:03:02","slug":"karriere","status":"publish","type":"page","link":"https:\/\/thg-normalien.de\/de\/karriere\/","title":{"rendered":"Karriere"},"content":{"rendered":"<div id=\"cs-content\" class=\"cs-content\"><\/div>\n","protected":false},"excerpt":{"rendered":"<p>Karriere bei THG-NormalienAls inhabergef\u00fchrtes Unternehmen bieten wir zukunftsf\u00e4hige Arbeitspl\u00e4tze in pers\u00f6nlicher Atmosph\u00e4re. Wenn Sie Interesse daran haben, in einem jungen dynamischen Team die Zukunft von THG-Normalien mitzugestalten, freuen wir uns auf Ihre Bewerbung. Bitte senden Sie uns Ihre Bewerbungsunterlagen an: THG-Normalien GmbH z. Hd. Herrn Thomas Grings Kieselstra\u00dfe 6 D- 56357 Miehlen +49(0)6772\/22290 karriere@thg-normalien.de Karriere bei THG-Normalien Als inhabergef\u00fchrtes Unternehmen &#8230; <\/p>\n<div><a href=\"https:\/\/thg-normalien.de\/de\/karriere\/\" class=\"more-link\">Read More<\/a><\/div>\n","protected":false},"author":1,"featured_media":0,"parent":0,"menu_order":0,"comment_status":"closed","ping_status":"closed","template":"template-blank-4.php","meta":{"inline_featured_image":false,"footnotes":""},"class_list":["post-1024","page","type-page","status-publish","hentry","no-post-thumbnail"],"_links":{"self":[{"href":"https:\/\/thg-normalien.de\/de\/wp-json\/wp\/v2\/pages\/1024","targetHints":{"allow":["GET"]}}],"collection":[{"href":"https:\/\/thg-normalien.de\/de\/wp-json\/wp\/v2\/pages"}],"about":[{"href":"https:\/\/thg-normalien.de\/de\/wp-json\/wp\/v2\/types\/page"}],"author":[{"embeddable":true,"href":"https:\/\/thg-normalien.de\/de\/wp-json\/wp\/v2\/users\/1"}],"replies":[{"embeddable":true,"href":"https:\/\/thg-normalien.de\/de\/wp-json\/wp\/v2\/comments?post=1024"}],"version-history":[{"count":5,"href":"https:\/\/thg-normalien.de\/de\/wp-json\/wp\/v2\/pages\/1024\/revisions"}],"predecessor-version":[{"id":4836,"href":"https:\/\/thg-normalien.de\/de\/wp-json\/wp\/v2\/pages\/1024\/revisions\/4836"}],"wp:attachment":[{"href":"https:\/\/thg-normalien.de\/de\/wp-json\/wp\/v2\/media?parent=1024"}],"curies":[{"name":"wp","href":"https:\/\/api.w.org\/{rel}","templated":true}]}}